{"id":54442,"date":"2023-09-29T15:01:26","date_gmt":"2023-09-29T13:01:26","guid":{"rendered":"https:\/\/www.mathydy.com\/us\/produit\/marie\/"},"modified":"2024-07-09T20:39:38","modified_gmt":"2024-07-09T18:39:38","slug":"marie","status":"publish","type":"product","link":"https:\/\/www.mathydy.com\/us\/produit\/marie\/","title":{"rendered":"Marie"},"content":{"rendered":"<section class=\"wpb-content-wrapper\"><p>[vc_column][\/vc_column][vc_row css=\u00a0\u00bb.vc_custom_1700835566782{margin-bottom: 60px !important;padding-top: 60px !important;}\u00a0\u00bb el_class=\u00a0\u00bbimages\u00a0\u00bb][vc_column css_animation=\u00a0\u00bbfadeInLeft\u00a0\u00bb width=\u00a0\u00bb1\/2&Prime; offset=\u00a0\u00bbvc_hidden-sm vc_col-xs-6 vc_hidden-xs\u00a0\u00bb][vc_single_image image=\u00a0\u00bb8700&Prime; img_size=\u00a0\u00bb1000&#215;852&Prime; style=\u00a0\u00bbvc_box_rounded\u00a0\u00bb css_animation=\u00a0\u00bbnone\u00a0\u00bb css=\u00a0\u00bb.vc_custom_1700831275368{margin-left: 80px !important;}\u00a0\u00bb][vc_single_image image=\u00a0\u00bb8942&Prime; img_size=\u00a0\u00bb1000&#215;900&Prime; style=\u00a0\u00bbvc_box_rounded\u00a0\u00bb css_animation=\u00a0\u00bbnone\u00a0\u00bb css=\u00a0\u00bb.vc_custom_1700831310310{margin-top: -88px !important;margin-left: 80px !important;}\u00a0\u00bb][\/vc_column][vc_column css_animation=\u00a0\u00bbfadeInRight\u00a0\u00bb width=\u00a0\u00bb1\/2&Prime; offset=\u00a0\u00bbvc_hidden-sm vc_col-xs-6 vc_hidden-xs\u00a0\u00bb][vc_single_image image=\u00a0\u00bb8950&Prime; img_size=\u00a0\u00bb1000&#215;900&Prime; style=\u00a0\u00bbvc_box_rounded\u00a0\u00bb css_animation=\u00a0\u00bbnone\u00a0\u00bb css=\u00a0\u00bb.vc_custom_1700831285220{margin-top: 250px !important;margin-left: 16px !important;}\u00a0\u00bb][\/vc_column][\/vc_row][vc_row css=\u00a0\u00bb.vc_custom_1700835566782{margin-bottom: 60px !important;padding-top: 60px !important;}\u00a0\u00bb el_class=\u00a0\u00bbimages\u00a0\u00bb][vc_column css_animation=\u00a0\u00bbfadeInLeft\u00a0\u00bb width=\u00a0\u00bb1\/2&Prime; offset=\u00a0\u00bbvc_hidden-lg vc_hidden-md vc_col-xs-6&Prime; css=\u00a0\u00bb.vc_custom_1700840054910{margin-top: -125px !important;}\u00a0\u00bb][vc_single_image image=\u00a0\u00bb8700&Prime; img_size=\u00a0\u00bb1000&#215;852&Prime; style=\u00a0\u00bbvc_box_rounded\u00a0\u00bb css_animation=\u00a0\u00bbnone\u00a0\u00bb][vc_single_image image=\u00a0\u00bb8942&Prime; img_size=\u00a0\u00bb1000&#215;900&Prime; style=\u00a0\u00bbvc_box_rounded\u00a0\u00bb css_animation=\u00a0\u00bbnone\u00a0\u00bb][\/vc_column][vc_column css_animation=\u00a0\u00bbfadeInRight\u00a0\u00bb width=\u00a0\u00bb1\/2&Prime; offset=\u00a0\u00bbvc_hidden-lg vc_hidden-md vc_col-xs-6&Prime; css=\u00a0\u00bb.vc_custom_1700840063921{margin-top: -125px !important;}\u00a0\u00bb][vc_single_image image=\u00a0\u00bb8950&Prime; img_size=\u00a0\u00bb1000&#215;900&Prime; style=\u00a0\u00bbvc_box_rounded\u00a0\u00bb css_animation=\u00a0\u00bbnone\u00a0\u00bb][\/vc_column][\/vc_row]<\/p>\n<\/section>","protected":false},"excerpt":{"rendered":"<p>[vc_column][\/vc_column][vc_row el_class=\u00a0\u00bbproduit\u00a0\u00bb][vc_column][vc_tta_accordion c_position=\u00a0\u00bbright\u00a0\u00bb active_section=\u00a0\u00bb1&Prime;][vc_tta_section title=\u00a0\u00bbHistoire\u00a0\u00bb tab_id=\u00a0\u00bb1695211853429-aeebdfaa-ef943063-f3b2&Prime;][vc_column_text el_class=\u00a0\u00bbproduit\u00a0\u00bb]Marie, en aram\u00e9en, Maryam, est un pr\u00e9nom tr\u00e8s populaire chez les chr\u00e9tiens africains. Orthographi\u00e9 Maria dans certaine r\u00e9gion du continent, il est historiquement le nom de la m\u00e8re de J\u00e9sus-Christ, le messie chr\u00e9tien et proph\u00e8te en Islam.[\/vc_column_text][\/vc_tta_section][vc_tta_section title=\u00a0\u00bbD\u00e9scription\u00a0\u00bb tab_id=\u00a0\u00bb1695211853438-e824b518-13713063-f3b2&Prime;][vc_column_text el_class=\u00a0\u00bbproduit\u00a0\u00bb]<\/p>\n<div class=\"\">Cette montre se distingue par la conjugaison de ses couleurs vives, de son cadran et de son bracelet en or.<\/div>\n<div class=\"\">Elle incarnera de fa\u00e7on unique votre audace et votre originalit\u00e9.<\/div>\n<div class=\"\">Mettez la au poignet et laissez la magie op\u00e9rer.<\/div>\n<p>[\/vc_column_text][\/vc_tta_section][vc_tta_section title=\u00a0\u00bbD\u00e9tails produit\u00a0\u00bb tab_id=\u00a0\u00bb1695211953421-e6b9358e-bf3e3063-f3b2&Prime;][vc_column_text el_class=\u00a0\u00bbproduit\u00a0\u00bb]<span style=\"font-family: futuraptlight;color: #000000\">Case material: 316L stainless steel<\/span><br \/>\n<span style=\"font-family: futuraptlight;color: #000000\">Dial thickness: 7 mm<\/span><br \/>\n<span style=\"font-family: futuraptlight;color: #000000\">Diameter: 36mm<\/span><br \/>\n<span style=\"font-family: futuraptlight;color: #000000\">Color: Gold<\/span><br \/>\n<span style=\"font-family: futuraptlight;color: #000000\">Movement: Japanese quartz movement<\/span><br \/>\n<span style=\"font-family: futuraptlight;color: #000000\">Bracelet material: 316L Stainless Steel<\/span><br \/>\n<span style=\"font-family: futuraptlight;color: #000000\">Color: Gold<\/span><br \/>\n<span style=\"font-family: futuraptlight;color: #000000\">Strap type: Interchangeable<\/span><br \/>\n<span style=\"font-family: futuraptlight;color: #000000\">Feature: Water resistant \/ waterproof 3 bar<\/span>[\/vc_column_text][\/vc_tta_section][vc_tta_section title=\u00a0\u00bbLivraison\u00a0\u00bb tab_id=\u00a0\u00bb1695211927094-2f5841eb-a1b53063-f3b2&Prime;][vc_column_text]<span style=\"font-family: futuraptlight;color: #000000\"><span class=\"\" title=\"\">Nous exp\u00e9dions partout au S\u00e9n\u00e9gal, en Afrique, en Asie, en Europe et en Am\u00e9rique.<\/span> <span class=\"\" title=\"\">Vous pouvez payer en esp\u00e8ces \u00e0 la livraison au S\u00e9n\u00e9gal et par carte bancaire dans le monde entier.<\/span><\/span>[\/vc_column_text][\/vc_tta_section][\/vc_tta_accordion][\/vc_column][\/vc_row]<\/p>\n","protected":false},"featured_media":10000008951,"template":"","meta":[],"product_cat":[86,89,87,88],"product_tag":[],"class_list":{"0":"post-54442","1":"product","2":"type-product","3":"status-publish","4":"has-post-thumbnail","6":"product_cat-femmes","7":"product_cat-rainbow-femme","8":"product_cat-montres","9":"product_cat-rainbow","10":"pa_taille-36-mm","13":"outofstock","14":"taxable","15":"shipping-taxable","16":"purchasable","17":"product-type-simple"},"_links":{"self":[{"href":"https:\/\/www.mathydy.com\/us\/wp-json\/wp\/v2\/product\/54442"}],"collection":[{"href":"https:\/\/www.mathydy.com\/us\/wp-json\/wp\/v2\/product"}],"about":[{"href":"https:\/\/www.mathydy.com\/us\/wp-json\/wp\/v2\/types\/product"}],"wp:featuredmedia":[{"embeddable":true,"href":"https:\/\/www.mathydy.com\/us\/wp-json\/"}],"wp:attachment":[{"href":"https:\/\/www.mathydy.com\/us\/wp-json\/wp\/v2\/media?parent=54442"}],"wp:term":[{"taxonomy":"product_cat","embeddable":true,"href":"https:\/\/www.mathydy.com\/us\/wp-json\/wp\/v2\/product_cat?post=54442"},{"taxonomy":"product_tag","embeddable":true,"href":"https:\/\/www.mathydy.com\/us\/wp-json\/wp\/v2\/product_tag?post=54442"}],"curies":[{"name":"wp","href":"https:\/\/api.w.org\/{rel}","templated":true}]}}