{"id":54444,"date":"2023-09-29T15:01:25","date_gmt":"2023-09-29T13:01:25","guid":{"rendered":"https:\/\/www.mathydy.com\/us\/produit\/adia\/"},"modified":"2025-11-21T16:28:22","modified_gmt":"2025-11-21T15:28:22","slug":"adia","status":"publish","type":"product","link":"https:\/\/www.mathydy.com\/us\/produit\/adia\/","title":{"rendered":"Adia"},"content":{"rendered":"","protected":false},"excerpt":{"rendered":"<p>[vc_row][vc_column][vc_tta_accordion c_position=\u00a0\u00bbright\u00a0\u00bb active_section=\u00a0\u00bb1&Prime;][vc_tta_section title=\u00a0\u00bbHistoire\u00a0\u00bb tab_id=\u00a0\u00bb1695211853429-aeebdfaa-ef94ebe4-97e0&Prime;][vc_column_text el_class=\u00a0\u00bbproduit\u00a0\u00bb]<span style=\"font-family: futuraptlight\">D\u00e9riv\u00e9 de Adjaratou, le pr\u00e9nom Adia est tr\u00e8s populaire en Afrique de l\u2019Ouest. Notamment au S\u00e9n\u00e9gal.<\/span>[\/vc_column_text][\/vc_tta_section][vc_tta_section title=\u00a0\u00bbD\u00e9scription\u00a0\u00bb tab_id=\u00a0\u00bb1695211853438-e824b518-1371ebe4-97e0&Prime;][vc_column_text el_class=\u00a0\u00bbproduit\u00a0\u00bb]<\/p>\n<div class=\"\"><span style=\"font-size: 12pt;font-family: futuraptlight\">Cette montre se distingue par la conjugaison de ses couleurs vives avec son cadran et ses bracelets en Or Rose.<\/span><\/div>\n<div class=\"\"><span style=\"font-size: 12pt;font-family: futuraptlight\">Elle exprime votre joie de vivre, votre audace et votre originalit\u00e9.<\/span><\/div>\n<div class=\"\"><span style=\"font-size: 12pt;font-family: futuraptlight\">Mettez la au poignet et laissez la magie s&rsquo;op\u00e9rer.<\/span><\/div>\n<p>[\/vc_column_text][\/vc_tta_section][vc_tta_section title=\u00a0\u00bbD\u00e9tails produit\u00a0\u00bb tab_id=\u00a0\u00bb1695211953421-e6b9358e-bf3eebe4-97e0&Prime;][vc_column_text el_class=\u00a0\u00bbproduit\u00a0\u00bb]<\/p>\n<div class=\"\">\n<div class=\"\"><span style=\"font-size: 12pt;font-family: futuraptlight\">Mati\u00e8re du boitier:\u00a0Acier inoxydable 316L<\/span><\/div>\n<div class=\"\"><span style=\"font-size: 12pt;font-family: futuraptlight\">\u00c9paisseur du cadran:\u00a07 mm<\/span><\/div>\n<div class=\"\"><span style=\"font-size: 12pt;font-family: futuraptlight\">Diam\u00e8tre:\u00a036 mm<\/span><\/div>\n<div class=\"\"><span style=\"font-size: 12pt;font-family: futuraptlight\">Couleur:\u00a0Or Rose<\/span><\/div>\n<div class=\"\"><span style=\"font-size: 12pt;font-family: futuraptlight\">Mouvement:\u00a0Mouvement \u00e0 quartz japonais<\/span><\/div>\n<div class=\"\"><span style=\"font-size: 12pt;font-family: futuraptlight\">Mati\u00e8re du Bracelet:\u00a0Acier Inoxydable 316L<\/span><\/div>\n<div class=\"\"><span style=\"font-size: 12pt;font-family: futuraptlight\">Couleur:\u00a0Or Rose<\/span><\/div>\n<div class=\"\"><span style=\"font-size: 12pt;font-family: futuraptlight\">Type de bracelet:\u00a0Interchangeable<\/span><\/div>\n<div class=\"\"><span style=\"font-size: 12pt;font-family: futuraptlight\">Caract\u00e9ristique:\u00a0R\u00e9sistant a l\u2019eau \/ \u00e9tanch\u00e9it\u00e9 3 bar<\/span><\/div>\n<\/div>\n<p>[\/vc_column_text][\/vc_tta_section][vc_tta_section title=\u00a0\u00bbLivraison\u00a0\u00bb tab_id=\u00a0\u00bb1695211927094-2f5841eb-a1b5ebe4-97e0&Prime;][vc_column_text el_class=\u00a0\u00bbproduit\u00a0\u00bb]<span style=\"font-family: futuraptlight;color: #000000\"><span class=\"\" title=\"\">Nous exp\u00e9dions partout au S\u00e9n\u00e9gal, en Afrique, en Asie, en Europe et en Am\u00e9rique.<\/span> <span class=\"\" title=\"\">Vous pouvez payer en esp\u00e8ces \u00e0 la livraison au S\u00e9n\u00e9gal et par carte bancaire dans le monde entier.<\/span><\/span>[\/vc_column_text][\/vc_tta_section][\/vc_tta_accordion][\/vc_column][\/vc_row]<\/p>\n","protected":false},"featured_media":10000008945,"template":"","meta":[],"product_cat":[86,89,88],"product_tag":[],"class_list":{"0":"post-54444","1":"product","2":"type-product","3":"status-publish","4":"has-post-thumbnail","6":"product_cat-femmes","7":"product_cat-rainbow-femme","8":"product_cat-rainbow","9":"pa_taille-36-mm","12":"outofstock","13":"taxable","14":"shipping-taxable","15":"purchasable","16":"product-type-simple"},"_links":{"self":[{"href":"https:\/\/www.mathydy.com\/us\/wp-json\/wp\/v2\/product\/54444"}],"collection":[{"href":"https:\/\/www.mathydy.com\/us\/wp-json\/wp\/v2\/product"}],"about":[{"href":"https:\/\/www.mathydy.com\/us\/wp-json\/wp\/v2\/types\/product"}],"wp:featuredmedia":[{"embeddable":true,"href":"https:\/\/www.mathydy.com\/us\/wp-json\/"}],"wp:attachment":[{"href":"https:\/\/www.mathydy.com\/us\/wp-json\/wp\/v2\/media?parent=54444"}],"wp:term":[{"taxonomy":"product_cat","embeddable":true,"href":"https:\/\/www.mathydy.com\/us\/wp-json\/wp\/v2\/product_cat?post=54444"},{"taxonomy":"product_tag","embeddable":true,"href":"https:\/\/www.mathydy.com\/us\/wp-json\/wp\/v2\/product_tag?post=54444"}],"curies":[{"name":"wp","href":"https:\/\/api.w.org\/{rel}","templated":true}]}}