{"id":54445,"date":"2023-09-29T15:01:25","date_gmt":"2023-09-29T13:01:25","guid":{"rendered":"https:\/\/www.mathydy.com\/us\/produit\/malaika\/"},"modified":"2026-03-31T14:11:40","modified_gmt":"2026-03-31T12:11:40","slug":"malaika","status":"publish","type":"product","link":"https:\/\/www.mathydy.com\/us\/produit\/malaika\/","title":{"rendered":"Malaika"},"content":{"rendered":"","protected":false},"excerpt":{"rendered":"<p>[vc_row][vc_column][vc_tta_accordion c_position=\u00a0\u00bbright\u00a0\u00bb active_section=\u00a0\u00bb1&Prime;][vc_tta_section title=\u00a0\u00bbHistoire\u00a0\u00bb tab_id=\u00a0\u00bb1695211853429-aeebdfaa-ef94bb4e-0ec6&Prime;][vc_column_text el_class=\u00a0\u00bbproduit\u00a0\u00bb]<span style=\"font-family: futuraptlight\">D\u00e9signant un ange en Swahili. Malaika est un pr\u00e9nom tr\u00e8s populaire en Afrique de l\u2019Est.<\/span>[\/vc_column_text][\/vc_tta_section][vc_tta_section title=\u00a0\u00bbD\u00e9scription\u00a0\u00bb tab_id=\u00a0\u00bb1695211853438-e824b518-1371bb4e-0ec6&Prime;][vc_column_text el_class=\u00a0\u00bbproduit\u00a0\u00bb]<span style=\"font-family: futuraptlight\">Avec sa couleur Or, cette montre vous donnera une allure chic \u00e0 toute vos sorties. Si vous aimez les bijoux dor\u00e9 cette montre sera l\u2019accessoire incontournable qui apportera une touche de fraicheur. Cassez les codes et exprimez votre v\u00e9ritable nature, audacieuse et pr\u00eate \u00e0 la conqu\u00eate du monde.<\/span>[\/vc_column_text][\/vc_tta_section][vc_tta_section title=\u00a0\u00bbD\u00e9tails produit\u00a0\u00bb tab_id=\u00a0\u00bb1695211953421-e6b9358e-bf3ebb4e-0ec6&Prime;][vc_column_text el_class=\u00a0\u00bbproduit\u00a0\u00bb]<\/p>\n<div class=\"\">\n<div class=\"\"><span style=\"font-family: futuraptlight\">Mati\u00e8re du boitier:\u00a0<span class=\"\">ACIER INOXYDABLE 316L<\/span><\/span><\/div>\n<div class=\"\"><span style=\"font-family: futuraptlight\">\u00c9paisseur du cadran:\u00a0<span class=\"\">7 MM<\/span><\/span><\/div>\n<div class=\"\"><span style=\"font-family: futuraptlight\">Diam\u00e8tre:\u00a0<span class=\"\">36 MM<\/span><\/span><\/div>\n<div class=\"\"><span style=\"font-family: futuraptlight\">Couleur:\u00a0<span class=\"\">OR<\/span><\/span><\/div>\n<div class=\"\"><span style=\"font-family: futuraptlight\">Mouvement:\u00a0<span class=\"\">MOUVEMENT \u00c0 QUARTZ JAPONAIS<\/span><\/span><\/div>\n<div class=\"\"><span style=\"font-family: futuraptlight\">Mati\u00e8re du Bracelet:\u00a0<span class=\"\">ACIER INOXYDABLE 316L<\/span><\/span><\/div>\n<div class=\"\"><span style=\"font-family: futuraptlight\">Couleur:\u00a0<span class=\"\">OR<\/span><\/span><\/div>\n<div class=\"\"><span style=\"font-family: futuraptlight\">Type de bracelet:\u00a0<span class=\"\">INTERCHANGEABLE<\/span><\/span><\/div>\n<div class=\"\"><span style=\"font-family: futuraptlight\">Caract\u00e9ristique:\u00a0<span class=\"\">R\u00c9SISTANT \u00c0 L\u2019EAU \/ \u00c9TANCH\u00c9IT\u00c9 3 BAR<\/span><\/span><\/div>\n<\/div>\n<p>[\/vc_column_text][\/vc_tta_section][vc_tta_section title=\u00a0\u00bbLivraison\u00a0\u00bb tab_id=\u00a0\u00bb1695211927094-2f5841eb-a1b5bb4e-0ec6&Prime;][vc_column_text el_class=\u00a0\u00bbproduit\u00a0\u00bb]<span style=\"font-family: futuraptlight;color: #000000\"><span class=\"\" title=\"\">Nous exp\u00e9dions partout au S\u00e9n\u00e9gal, en Afrique, en Asie, en Europe et en Am\u00e9rique.<\/span> <span class=\"\" title=\"\">Vous pouvez payer en esp\u00e8ces \u00e0 la livraison au S\u00e9n\u00e9gal et par carte bancaire dans le monde entier.<\/span><\/span>[\/vc_column_text][\/vc_tta_section][\/vc_tta_accordion][\/vc_column][\/vc_row]<\/p>\n","protected":false},"featured_media":100000060944,"template":"","meta":[],"product_cat":[250,86,89,88],"product_tag":[],"class_list":{"0":"post-54445","1":"product","2":"type-product","3":"status-publish","4":"has-post-thumbnail","6":"product_cat-montre-fin-annee","7":"product_cat-femmes","8":"product_cat-rainbow-femme","9":"product_cat-rainbow","10":"pa_taille-36-mm","13":"outofstock","14":"taxable","15":"shipping-taxable","16":"purchasable","17":"product-type-simple"},"_links":{"self":[{"href":"https:\/\/www.mathydy.com\/us\/wp-json\/wp\/v2\/product\/54445"}],"collection":[{"href":"https:\/\/www.mathydy.com\/us\/wp-json\/wp\/v2\/product"}],"about":[{"href":"https:\/\/www.mathydy.com\/us\/wp-json\/wp\/v2\/types\/product"}],"wp:featuredmedia":[{"embeddable":true,"href":"https:\/\/www.mathydy.com\/us\/wp-json\/"}],"wp:attachment":[{"href":"https:\/\/www.mathydy.com\/us\/wp-json\/wp\/v2\/media?parent=54445"}],"wp:term":[{"taxonomy":"product_cat","embeddable":true,"href":"https:\/\/www.mathydy.com\/us\/wp-json\/wp\/v2\/product_cat?post=54445"},{"taxonomy":"product_tag","embeddable":true,"href":"https:\/\/www.mathydy.com\/us\/wp-json\/wp\/v2\/product_tag?post=54445"}],"curies":[{"name":"wp","href":"https:\/\/api.w.org\/{rel}","templated":true}]}}