{"id":54865,"date":"2024-06-05T19:00:26","date_gmt":"2024-06-05T17:00:26","guid":{"rendered":"https:\/\/www.mathydy.com\/us\/produit\/mame-madior-boye\/"},"modified":"2026-03-02T16:08:35","modified_gmt":"2026-03-02T15:08:35","slug":"mame-madior-boye","status":"publish","type":"product","link":"https:\/\/www.mathydy.com\/us\/produit\/mame-madior-boye\/","title":{"rendered":"Mame Madior Boye"},"content":{"rendered":"<p><\/p>\n","protected":false},"excerpt":{"rendered":"<p>[vc_row][vc_column][vc_tta_accordion c_position=\u00a0\u00bbright\u00a0\u00bb active_section=\u00a0\u00bb1&Prime;][vc_tta_section title=\u00a0\u00bbHistoire\u00a0\u00bb tab_id=\u00a0\u00bb1695211853429-aeebdfaa-ef942591-7198&Prime;][vc_column_text el_class=\u00a0\u00bbproduit\u00a0\u00bb]<b data-stringify-type=\"bold\">Mame Madior Boye<\/b>, n\u00e9e le 7 d\u00e9cembre\u00a01940, est une\u00a0femme d&rsquo;\u00c9tat\u00a0s\u00e9n\u00e9galaise\u00a0originaire de Saint Louis. Ancienne Premi\u00e8re ministre, c&rsquo;est la premi\u00e8re femme \u00e0 avoir exerc\u00e9 cette fonction au\u00a0S\u00e9n\u00e9gal.[\/vc_column_text][\/vc_tta_section][vc_tta_section title=\u00a0\u00bbD\u00e9scription\u00a0\u00bb tab_id=\u00a0\u00bb1695211853438-e824b518-13712591-7198&Prime;][vc_column_text el_class=\u00a0\u00bbproduit\u00a0\u00bb]<span style=\"font-family: futuraptlight\">Avec sa forme atypique en trap\u00e8ze, sa fresque color\u00e9e et le charme de ses lignes \u00e9l\u00e9gantes, Takussanu Ndar de la Collection Saint Louisienne vous distinguera en toute occasion.<\/span>[\/vc_column_text][\/vc_tta_section][vc_tta_section title=\u00a0\u00bbD\u00e9tails produit\u00a0\u00bb tab_id=\u00a0\u00bb1695211953421-e6b9358e-bf3e2591-7198&Prime;][vc_column_text]<\/p>\n<div class=\"\"><span style=\"font-family: futuraptlight\">Hauteur: 10,5cm<\/span><br \/>\n<span style=\"font-family: futuraptlight\">Largeur: 9,55cm<\/span><\/div>\n<p>[\/vc_column_text][\/vc_tta_section][vc_tta_section title=\u00a0\u00bbLivraison\u00a0\u00bb tab_id=\u00a0\u00bb1695211927094-2f5841eb-a1b52591-7198&Prime;][vc_column_text]<span style=\"font-family: futuraptlight;color: #000000\"><span class=\"\" title=\"\">Nous exp\u00e9dions partout au S\u00e9n\u00e9gal, en Afrique, en Asie, en Europe et en Am\u00e9rique.<\/span> <span class=\"\" title=\"\">Vous pouvez payer en esp\u00e8ces \u00e0 la livraison au S\u00e9n\u00e9gal et par carte bancaire dans le monde entier.<\/span><\/span>[\/vc_column_text][\/vc_tta_section][\/vc_tta_accordion][\/vc_column][\/vc_row]<\/p>\n","protected":false},"featured_media":100000054572,"template":"","meta":[],"product_cat":[219,97],"product_tag":[],"class_list":{"0":"post-54865","1":"product","2":"type-product","3":"status-publish","4":"has-post-thumbnail","6":"product_cat-saint-louisienne","7":"product_cat-collection-sac","10":"outofstock","11":"taxable","12":"shipping-taxable","13":"purchasable","14":"product-type-simple"},"_links":{"self":[{"href":"https:\/\/www.mathydy.com\/us\/wp-json\/wp\/v2\/product\/54865"}],"collection":[{"href":"https:\/\/www.mathydy.com\/us\/wp-json\/wp\/v2\/product"}],"about":[{"href":"https:\/\/www.mathydy.com\/us\/wp-json\/wp\/v2\/types\/product"}],"wp:featuredmedia":[{"embeddable":true,"href":"https:\/\/www.mathydy.com\/us\/wp-json\/"}],"wp:attachment":[{"href":"https:\/\/www.mathydy.com\/us\/wp-json\/wp\/v2\/media?parent=54865"}],"wp:term":[{"taxonomy":"product_cat","embeddable":true,"href":"https:\/\/www.mathydy.com\/us\/wp-json\/wp\/v2\/product_cat?post=54865"},{"taxonomy":"product_tag","embeddable":true,"href":"https:\/\/www.mathydy.com\/us\/wp-json\/wp\/v2\/product_tag?post=54865"}],"curies":[{"name":"wp","href":"https:\/\/api.w.org\/{rel}","templated":true}]}}