{"id":55180,"date":"2024-09-10T09:49:46","date_gmt":"2024-09-10T07:49:46","guid":{"rendered":"https:\/\/www.mathydy.com\/us\/produit\/aminatu-de-zaria-28mm\/"},"modified":"2026-04-23T21:28:09","modified_gmt":"2026-04-23T19:28:09","slug":"aminatu-de-zaria-28mm","status":"publish","type":"product","link":"https:\/\/www.mathydy.com\/us\/produit\/aminatu-de-zaria-28mm\/","title":{"rendered":"Aminatu De Zaria 28mm"},"content":{"rendered":"","protected":false},"excerpt":{"rendered":"<p>[vc_row][vc_column][vc_tta_accordion c_position=\u00a0\u00bbright\u00a0\u00bb active_section=\u00a0\u00bb1&Prime;][vc_tta_section title=\u00a0\u00bbHistoire\u00a0\u00bb tab_id=\u00a0\u00bb1695211853429-aeebdfaa-ef945e20-c5c7&Prime;][vc_column_text el_class=\u00a0\u00bbproduit\u00a0\u00bb]Appel\u00e9e aussi \u00ab la reine guerri\u00e8re \u00bb, Aminatu \u00e9tait la fille de la reine Bakwa Turunku de la cit\u00e9-\u00e9tat Haoussa de Zaria, une des principales villes de l&rsquo;\u00c9tat de Kaduna au nord du Nigeria. Elle d\u00e9veloppa un talent certain pour les arts militaires et devint fameuse pour sa bravoure et ses exploits. Elle fut c\u00e9l\u00e9br\u00e9e dans une chanson en tant que fille de Nikatau, une femme aussi capable qu\u2019un homme.[\/vc_column_text][\/vc_tta_section][vc_tta_section title=\u00a0\u00bbD\u00e9scription\u00a0\u00bb tab_id=\u00a0\u00bb1695211853438-e824b518-13715e20-c5c7&Prime;][vc_column_text el_class=\u00a0\u00bbproduit\u00a0\u00bb]<span style=\"font-family: futuraptlight\">Ce mod\u00e8le chic aux couleurs chatoyantes est d\u00e9di\u00e9 aux femmes de caract\u00e8re qui savent allier force mentale et \u00e9l\u00e9gance vestimentaire. Il peut se porter autant dans un environnement de travail que pendant une soir\u00e9e festive ou lors d\u2019un rendez-vous amoureux avec votre compagnon. Peu importe l\u2019environnement dans lequel vous \u00eates, ce mod\u00e8le vous permettra de vous distinguer.<\/span>[\/vc_column_text][\/vc_tta_section][vc_tta_section title=\u00a0\u00bbD\u00e9tails produit\u00a0\u00bb tab_id=\u00a0\u00bb1695211953421-e6b9358e-bf3e5e20-c5c7&Prime;][vc_column_text el_class=\u00a0\u00bbproduit\u00a0\u00bb]Mati\u00e8re du boitier:\u00a0Acier inoxydable 316L<\/p>\n<p>\u00c9paisseur du cadran:\u00a07 mm<\/p>\n<p>Diam\u00e8tre: 28 mm<\/p>\n<p>Couleur:\u00a0Or Rose<\/p>\n<p>Mouvement:\u00a0Mouvement \u00e0 quartz japonais<\/p>\n<p>Mati\u00e8re du Bracelet:\u00a0Acier Inoxydable 316L<\/p>\n<p>Couleur:\u00a0Or Rose<\/p>\n<p>Type de bracelet:\u00a0Interchangeable<\/p>\n<p>Caract\u00e9ristique:\u00a0R\u00e9sistant a l\u2019eau \/ \u00e9tanch\u00e9it\u00e9 3 bar[\/vc_column_text][\/vc_tta_section][vc_tta_section title=\u00a0\u00bbLivraison\u00a0\u00bb tab_id=\u00a0\u00bb1695211927094-2f5841eb-a1b55e20-c5c7&Prime;][vc_column_text]<span style=\"font-family: futuraptlight;color: #000000\"><span class=\"\" title=\"\">Nous exp\u00e9dions partout au S\u00e9n\u00e9gal, en Afrique, en Asie, en Europe et en Am\u00e9rique.<\/span> <span class=\"\" title=\"\">Vous pouvez payer en esp\u00e8ces \u00e0 la livraison au S\u00e9n\u00e9gal et par carte bancaire dans le monde entier.<\/span><\/span>[\/vc_column_text][\/vc_tta_section][\/vc_tta_accordion][\/vc_column][\/vc_row]<\/p>\n","protected":false},"featured_media":100000055832,"template":"","meta":[],"product_cat":[250,225,86,134,87],"product_tag":[],"class_list":{"0":"post-55180","1":"product","2":"type-product","3":"status-publish","4":"has-post-thumbnail","6":"product_cat-montre-fin-annee","7":"product_cat-royalty28","8":"product_cat-femmes","9":"product_cat-royalty-femme","10":"product_cat-montres","11":"pa_taille-28-mm","14":"instock","15":"taxable","16":"shipping-taxable","17":"purchasable","18":"product-type-simple"},"_links":{"self":[{"href":"https:\/\/www.mathydy.com\/us\/wp-json\/wp\/v2\/product\/55180"}],"collection":[{"href":"https:\/\/www.mathydy.com\/us\/wp-json\/wp\/v2\/product"}],"about":[{"href":"https:\/\/www.mathydy.com\/us\/wp-json\/wp\/v2\/types\/product"}],"wp:featuredmedia":[{"embeddable":true,"href":"https:\/\/www.mathydy.com\/us\/wp-json\/"}],"wp:attachment":[{"href":"https:\/\/www.mathydy.com\/us\/wp-json\/wp\/v2\/media?parent=55180"}],"wp:term":[{"taxonomy":"product_cat","embeddable":true,"href":"https:\/\/www.mathydy.com\/us\/wp-json\/wp\/v2\/product_cat?post=55180"},{"taxonomy":"product_tag","embeddable":true,"href":"https:\/\/www.mathydy.com\/us\/wp-json\/wp\/v2\/product_tag?post=55180"}],"curies":[{"name":"wp","href":"https:\/\/api.w.org\/{rel}","templated":true}]}}