{"id":55181,"date":"2024-09-10T10:34:08","date_gmt":"2024-09-10T08:34:08","guid":{"rendered":"https:\/\/www.mathydy.com\/us\/produit\/asantewaa\/"},"modified":"2025-07-24T18:26:47","modified_gmt":"2025-07-24T16:26:47","slug":"asantewaa","status":"publish","type":"product","link":"https:\/\/www.mathydy.com\/us\/produit\/asantewaa\/","title":{"rendered":"Asantewaa"},"content":{"rendered":"","protected":false},"excerpt":{"rendered":"<p>[vc_row][vc_column][vc_tta_accordion c_position=\u00a0\u00bbright\u00a0\u00bb active_section=\u00a0\u00bb1&Prime;][vc_tta_section title=\u00a0\u00bbHistoire\u00a0\u00bb tab_id=\u00a0\u00bb1695211853429-aeebdfaa-ef945e20-c5c7&Prime;][vc_column_text el_class=\u00a0\u00bbproduit\u00a0\u00bb]<b data-stringify-type=\"bold\">Yaa Asantewaa\u00a0<\/b>est la\u00a0reine m\u00e8re\u00a0d&rsquo;Ejisu\u00a0dans l&rsquo;Empire Ashanti\u00a0de l&rsquo;actuel Ghana. En 1900, elle m\u00e8ne la r\u00e9bellion Ashanti, connue comme la \u00ab\u00a0Guerre du tr\u00f4ne d&rsquo;or\u00a0\u00bb contre les colons de l&rsquo;Empire britannique.[\/vc_column_text][\/vc_tta_section][vc_tta_section title=\u00a0\u00bbD\u00e9scription\u00a0\u00bb tab_id=\u00a0\u00bb1695211853438-e824b518-13715e20-c5c7&Prime;][vc_column_text el_class=\u00a0\u00bbproduit\u00a0\u00bb]<span style=\"font-family: futuraptlight\">Ce mod\u00e8le chic aux couleurs chatoyantes est d\u00e9di\u00e9 aux femmes de caract\u00e8re qui savent allier force mentale et \u00e9l\u00e9gance vestimentaire. Il peut se porter autant dans un environnement de travail que pendant une soir\u00e9e festive ou lors d\u2019un rendez-vous amoureux avec votre compagnon. Peu importe l\u2019environnement dans lequel vous \u00eates, ce mod\u00e8le vous permettra de vous distinguer.<\/span>[\/vc_column_text][\/vc_tta_section][vc_tta_section title=\u00a0\u00bbD\u00e9tails produit\u00a0\u00bb tab_id=\u00a0\u00bb1695211953421-e6b9358e-bf3e5e20-c5c7&Prime;][vc_column_text el_class=\u00a0\u00bbproduit\u00a0\u00bb]Mati\u00e8re du boitier:\u00a0Acier inoxydable 316L<\/p>\n<p>\u00c9paisseur du cadran:\u00a07 mm<\/p>\n<p>Diam\u00e8tre: 28 mm<\/p>\n<p>Couleur:\u00a0Or Rose<\/p>\n<p>Mouvement:\u00a0Mouvement \u00e0 quartz japonais<\/p>\n<p>Mati\u00e8re du Bracelet:\u00a0Acier Inoxydable 316L<\/p>\n<p>Couleur: Argent et Gold Rold<\/p>\n<p>Type de bracelet:\u00a0Interchangeable<\/p>\n<p>Caract\u00e9ristique:\u00a0R\u00e9sistant a l\u2019eau \/ \u00e9tanch\u00e9it\u00e9 3 bar[\/vc_column_text][\/vc_tta_section][vc_tta_section title=\u00a0\u00bbLivraison\u00a0\u00bb tab_id=\u00a0\u00bb1695211927094-2f5841eb-a1b55e20-c5c7&Prime;][vc_column_text]<span style=\"font-family: futuraptlight;color: #000000\"><span class=\"\" title=\"\">Nous exp\u00e9dions partout au S\u00e9n\u00e9gal, en Afrique, en Asie, en Europe et en Am\u00e9rique.<\/span> <span class=\"\" title=\"\">Vous pouvez payer en esp\u00e8ces \u00e0 la livraison au S\u00e9n\u00e9gal et par carte bancaire dans le monde entier.<\/span><\/span>[\/vc_column_text][\/vc_tta_section][\/vc_tta_accordion][\/vc_column][\/vc_row]<\/p>\n","protected":false},"featured_media":100000055831,"template":"","meta":[],"product_cat":[225,86,134,87],"product_tag":[],"class_list":{"0":"post-55181","1":"product","2":"type-product","3":"status-publish","4":"has-post-thumbnail","6":"product_cat-royalty28","7":"product_cat-femmes","8":"product_cat-royalty-femme","9":"product_cat-montres","10":"pa_taille-28-mm","13":"outofstock","14":"taxable","15":"shipping-taxable","16":"purchasable","17":"product-type-simple"},"_links":{"self":[{"href":"https:\/\/www.mathydy.com\/us\/wp-json\/wp\/v2\/product\/55181"}],"collection":[{"href":"https:\/\/www.mathydy.com\/us\/wp-json\/wp\/v2\/product"}],"about":[{"href":"https:\/\/www.mathydy.com\/us\/wp-json\/wp\/v2\/types\/product"}],"wp:featuredmedia":[{"embeddable":true,"href":"https:\/\/www.mathydy.com\/us\/wp-json\/"}],"wp:attachment":[{"href":"https:\/\/www.mathydy.com\/us\/wp-json\/wp\/v2\/media?parent=55181"}],"wp:term":[{"taxonomy":"product_cat","embeddable":true,"href":"https:\/\/www.mathydy.com\/us\/wp-json\/wp\/v2\/product_cat?post=55181"},{"taxonomy":"product_tag","embeddable":true,"href":"https:\/\/www.mathydy.com\/us\/wp-json\/wp\/v2\/product_tag?post=55181"}],"curies":[{"name":"wp","href":"https:\/\/api.w.org\/{rel}","templated":true}]}}