{"id":55182,"date":"2024-09-10T10:39:03","date_gmt":"2024-09-10T08:39:03","guid":{"rendered":"https:\/\/www.mathydy.com\/us\/produit\/tassin-hangbe\/"},"modified":"2025-07-24T18:27:03","modified_gmt":"2025-07-24T16:27:03","slug":"tassin-hangbe","status":"publish","type":"product","link":"https:\/\/www.mathydy.com\/us\/produit\/tassin-hangbe\/","title":{"rendered":"Tassin Hangb\u00e9"},"content":{"rendered":"","protected":false},"excerpt":{"rendered":"<p>[vc_row][vc_column][vc_tta_accordion c_position=\u00a0\u00bbright\u00a0\u00bb active_section=\u00a0\u00bb1&Prime;][vc_tta_section title=\u00a0\u00bbHistoire\u00a0\u00bb tab_id=\u00a0\u00bb1695211853429-aeebdfaa-ef94e70a-0cbc\u00a0\u00bb][vc_column_text el_class=\u00a0\u00bbproduit\u00a0\u00bb]<b data-stringify-type=\"bold\">Tassin Hangb\u00e9<\/b>\u00a0r\u00e8gne sur le\u00a0royaume du Danhom\u00e8\u00a0en tant que\u00a0reine d&rsquo;Abomey\u00a0de 1708 \u00e0 1711 et succ\u00e8de \u00e0 son fr\u00e8re jumeau\u00a0Akaba.\u00a0Elle est connue pour avoir cr\u00e9\u00e9 une arm\u00e9e de guerri\u00e8res, d\u00e9sign\u00e9e plus tard par les historiens europ\u00e9ens sous le nom des\u00a0Amazones du Dahomey.[\/vc_column_text][\/vc_tta_section][vc_tta_section title=\u00a0\u00bbD\u00e9scription\u00a0\u00bb tab_id=\u00a0\u00bb1695211853438-e824b518-1371e70a-0cbc\u00a0\u00bb][vc_column_text el_class=\u00a0\u00bbproduit\u00a0\u00bb]<\/p>\n<p style=\"text-align: justify\">La couleur Or de cette montre et son cadran Gold cr\u00e9ent un contraste unique qui sublimera votre look. Son design original inspir\u00e9 d\u2019Afrique offre des lignes \u00e9pur\u00e9es aux couleurs vives et en font un bijou qui s\u2019int\u00e8gre parfaitement \u00e0 vos tenues.<\/p>\n<p>[\/vc_column_text][\/vc_tta_section][vc_tta_section title=\u00a0\u00bbD\u00e9tails produit\u00a0\u00bb tab_id=\u00a0\u00bb1695211953421-e6b9358e-bf3ee70a-0cbc\u00a0\u00bb][vc_column_text el_class=\u00a0\u00bbproduit\u00a0\u00bb]Mati\u00e8re du boitier: <b><span style=\"text-transform: uppercase\">Acier inoxydable 316L<\/span><\/b><\/p>\n<p>\u00c9paisseur du cadran: <b><span style=\"text-transform: uppercase\">7 mm<\/span><\/b><\/p>\n<p>Diam\u00e8tre: 28<b><span style=\"text-transform: uppercase\">\u00a0mm<\/span><\/b><\/p>\n<p>Couleur: Gold<\/p>\n<p>Mouvement: <b><span style=\"text-transform: uppercase\">Mouvement \u00e0 quartz japonais<\/span><\/b><\/p>\n<p>Mati\u00e8re du Bracelet: <b><span style=\"text-transform: uppercase\">Acier inoxydable 316L<\/span><\/b><\/p>\n<p>Couleur: Argent et Gold<\/p>\n<p>Type de bracelet: <b><span style=\"text-transform: uppercase\">Interchangeable<\/span><\/b><\/p>\n<p>Caract\u00e9ristique: <b><span style=\"text-transform: uppercase\">R\u00e9sistant \u00e0 l\u2019eau \/ \u00e9tanch\u00e9it\u00e9 3 bar<\/span><\/b>[\/vc_column_text][\/vc_tta_section][vc_tta_section title=\u00a0\u00bbLivraison\u00a0\u00bb tab_id=\u00a0\u00bb1695211927094-2f5841eb-a1b5e70a-0cbc\u00a0\u00bb][vc_column_text]<span style=\"font-family: futuraptlight;color: #000000\"><span class=\"\" title=\"\">Nous exp\u00e9dions partout au S\u00e9n\u00e9gal, en Afrique, en Asie, en Europe et en Am\u00e9rique.<\/span> <span class=\"\" title=\"\">Vous pouvez payer en esp\u00e8ces \u00e0 la livraison au S\u00e9n\u00e9gal et par carte bancaire dans le monde entier.<\/span><\/span>[\/vc_column_text][\/vc_tta_section][\/vc_tta_accordion][\/vc_column][\/vc_row]<\/p>\n","protected":false},"featured_media":100000055835,"template":"","meta":[],"product_cat":[225,86,134,87],"product_tag":[],"class_list":{"0":"post-55182","1":"product","2":"type-product","3":"status-publish","4":"has-post-thumbnail","6":"product_cat-royalty28","7":"product_cat-femmes","8":"product_cat-royalty-femme","9":"product_cat-montres","10":"pa_taille-28-mm","13":"outofstock","14":"taxable","15":"shipping-taxable","16":"purchasable","17":"product-type-simple"},"_links":{"self":[{"href":"https:\/\/www.mathydy.com\/us\/wp-json\/wp\/v2\/product\/55182"}],"collection":[{"href":"https:\/\/www.mathydy.com\/us\/wp-json\/wp\/v2\/product"}],"about":[{"href":"https:\/\/www.mathydy.com\/us\/wp-json\/wp\/v2\/types\/product"}],"wp:featuredmedia":[{"embeddable":true,"href":"https:\/\/www.mathydy.com\/us\/wp-json\/"}],"wp:attachment":[{"href":"https:\/\/www.mathydy.com\/us\/wp-json\/wp\/v2\/media?parent=55182"}],"wp:term":[{"taxonomy":"product_cat","embeddable":true,"href":"https:\/\/www.mathydy.com\/us\/wp-json\/wp\/v2\/product_cat?post=55182"},{"taxonomy":"product_tag","embeddable":true,"href":"https:\/\/www.mathydy.com\/us\/wp-json\/wp\/v2\/product_tag?post=55182"}],"curies":[{"name":"wp","href":"https:\/\/api.w.org\/{rel}","templated":true}]}}