{"id":55616,"date":"2025-01-02T18:47:45","date_gmt":"2025-01-02T17:47:45","guid":{"rendered":"https:\/\/www.mathydy.com\/us\/produit\/diawando-deluxe\/"},"modified":"2026-05-05T22:26:49","modified_gmt":"2026-05-05T20:26:49","slug":"diawando-deluxe","status":"publish","type":"product","link":"https:\/\/www.mathydy.com\/us\/produit\/diawando-deluxe\/","title":{"rendered":"Diawando deluxe"},"content":{"rendered":"","protected":false},"excerpt":{"rendered":"<p>[vc_row][vc_column][vc_tta_accordion c_position=\u00a0\u00bbright\u00a0\u00bb active_section=\u00a0\u00bb1&Prime;][vc_tta_section title=\u00a0\u00bbHistoire\u00a0\u00bb tab_id=\u00a0\u00bb1695211853429-aeebdfaa-ef9415b5-c049&Prime;][vc_column_text el_class=\u00a0\u00bbproduit\u00a0\u00bb]<\/p>\n<p>Les Diawando est l\u2019une des fractions ethniques noble, tr\u00e8s active en Afrique de l\u2019ouest, tr\u00e8s<br \/>\nR\u00e9put\u00e9s pour leur intelligence pratique, une Diawando est souvent brave, astucieuse et m\u00eame audacieuse. Grande sentimentale, souvent extravertie, afflig\u00e9e d\u2019un amour-propre tumultueux. Aujourd\u2019hui, les Diawando habitent majoritairement au S\u00e9n\u00e9gal, en Mauritanie, au Mali, en Guin\u00e9e Conakry et en C\u00f4te D\u2019Ivoire. Ils portent les patronymes Bocoum, Bassoum, Niane, Ndiade, Daff, Ndjim, Lah, Baccily ou Koita.<br \/>\n[\/vc_column_text][\/vc_tta_section][vc_tta_section title=\u00a0\u00bbD\u00e9scription\u00a0\u00bb tab_id=\u00a0\u00bb1695211853438-e824b518-137115b5-c049&Prime;][vc_column_text el_class=\u00a0\u00bbproduit\u00a0\u00bb]Diarra repr\u00e9sente l&rsquo;exemplarit\u00e9 et la puret\u00e9 d&rsquo;une femme, elle est \u00e0 la fois douce et authentique. Elle inspire la gaiet\u00e9 et la confiance et vous s\u00e9duira de par son \u00e9l\u00e9gance et sa simplicit\u00e9.[\/vc_column_text][\/vc_tta_section][vc_tta_section title=\u00a0\u00bbD\u00e9tails produit\u00a0\u00bb tab_id=\u00a0\u00bb1695211953421-e6b9358e-bf3e15b5-c049&Prime;][vc_column_text el_class=\u00a0\u00bbproduit\u00a0\u00bb]Mati\u00e8re du boitier: <strong>Acier inoxydable 316L<\/strong><\/p>\n<p>\u00c9paisseur du cadran: <strong>7 mm<\/strong><\/p>\n<p>Diam\u00e8tre: <strong>36 mm<\/strong><\/p>\n<p>Couleur: <strong>Or<\/strong><\/p>\n<p>Mouvement: <strong>Mouvement \u00e0 quartz japonais<\/strong><\/p>\n<p>Mati\u00e8re du Bracelet: <strong>Acier inoxydable 316L<\/strong><\/p>\n<p>Couleur: <strong>Or et argent<\/strong><\/p>\n<p>Type de bracelet: <strong>Inchangeable<\/strong><\/p>\n<p>Caract\u00e9ristique: <strong>R\u00e9sistant \u00e0 l\u2019eau \/ \u00e9tanch\u00e9it\u00e9 3 bar<\/strong>[\/vc_column_text][\/vc_tta_section][vc_tta_section title=\u00a0\u00bbLivraison\u00a0\u00bb tab_id=\u00a0\u00bb1695211927094-2f5841eb-a1b515b5-c049&Prime;][vc_column_text]<span style=\"font-family: futuraptlight;color: #000000\"><span class=\"\" title=\"\">Nous exp\u00e9dions partout au S\u00e9n\u00e9gal, en Afrique, en Asie, en Europe et en Am\u00e9rique.<\/span> <span class=\"\" title=\"\">Vous pouvez payer en esp\u00e8ces \u00e0 la livraison au S\u00e9n\u00e9gal et par carte bancaire dans le monde entier.<\/span><\/span>[\/vc_column_text][\/vc_tta_section][\/vc_tta_accordion][\/vc_column][\/vc_row]<\/p>\n","protected":false},"featured_media":100000057641,"template":"","meta":[],"product_cat":[250,237,86,131],"product_tag":[],"class_list":{"0":"post-55616","1":"product","2":"type-product","3":"status-publish","4":"has-post-thumbnail","6":"product_cat-montre-fin-annee","7":"product_cat-noblesse-deluxe","8":"product_cat-femmes","9":"product_cat-noblesse-femme","10":"pa_taille-36-mm","13":"instock","14":"taxable","15":"shipping-taxable","16":"purchasable","17":"product-type-simple"},"_links":{"self":[{"href":"https:\/\/www.mathydy.com\/us\/wp-json\/wp\/v2\/product\/55616"}],"collection":[{"href":"https:\/\/www.mathydy.com\/us\/wp-json\/wp\/v2\/product"}],"about":[{"href":"https:\/\/www.mathydy.com\/us\/wp-json\/wp\/v2\/types\/product"}],"wp:featuredmedia":[{"embeddable":true,"href":"https:\/\/www.mathydy.com\/us\/wp-json\/"}],"wp:attachment":[{"href":"https:\/\/www.mathydy.com\/us\/wp-json\/wp\/v2\/media?parent=55616"}],"wp:term":[{"taxonomy":"product_cat","embeddable":true,"href":"https:\/\/www.mathydy.com\/us\/wp-json\/wp\/v2\/product_cat?post=55616"},{"taxonomy":"product_tag","embeddable":true,"href":"https:\/\/www.mathydy.com\/us\/wp-json\/wp\/v2\/product_tag?post=55616"}],"curies":[{"name":"wp","href":"https:\/\/api.w.org\/{rel}","templated":true}]}}