{"id":55621,"date":"2025-01-03T12:50:36","date_gmt":"2025-01-03T11:50:36","guid":{"rendered":"https:\/\/www.mathydy.com\/us\/produit\/sonni-ali-ber\/"},"modified":"2026-02-11T13:34:52","modified_gmt":"2026-02-11T12:34:52","slug":"sonni-ali-ber","status":"publish","type":"product","link":"https:\/\/www.mathydy.com\/us\/produit\/sonni-ali-ber\/","title":{"rendered":"Sonni Ali Ber"},"content":{"rendered":"","protected":false},"excerpt":{"rendered":"<p>[vc_row][vc_column][vc_tta_accordion c_position=\u00a0\u00bbright\u00a0\u00bb active_section=\u00a0\u00bb1&Prime;][vc_tta_section title=\u00a0\u00bbHistoire\u00a0\u00bb tab_id=\u00a0\u00bb1695211853429-aeebdfaa-ef94e70a-0cbc\u00a0\u00bb][vc_column_text el_class=\u00a0\u00bbproduit\u00a0\u00bb]<b data-stringify-type=\"bold\">Sonni ou Sy<\/b>\u00a0(\u00ab Le Sauveur \u00bb)\u00a0<b data-stringify-type=\"bold\">Ali Ber<\/b>\u00a0(1464-<a class=\"c-link\" href=\"https:\/\/fr.wikipedia.org\/wiki\/1492\" target=\"_blank\" rel=\"noopener noreferrer\" data-stringify-link=\"https:\/\/fr.wikipedia.org\/wiki\/1492\" data-sk=\"tooltip_parent\">1492<\/a>), dit \u00ab Ali Le Grand \u00bb fut probablement le plus grand h\u00e9ros des l\u00e9gendes de l&rsquo;<a class=\"c-link\" href=\"https:\/\/fr.wikipedia.org\/wiki\/Empire_songha%C3%AF\" target=\"_blank\" rel=\"noopener noreferrer\" data-stringify-link=\"https:\/\/fr.wikipedia.org\/wiki\/Empire_songha%C3%AF\" data-sk=\"tooltip_parent\">Empire songha\u00ef<\/a>. Le leader de l&#8217;empire Songha\u00ef commandait une arm\u00e9e compos\u00e9e de 30 000 fantassins et de 10 000 cavaliers. Cette force militaire impressionnante lui a permis d&rsquo;\u00e9tendre et de consolider l&#8217;empire Songha\u00ef de mani\u00e8re strat\u00e9gique<span style=\"font-family: futuraptlight\">.<\/span>[\/vc_column_text][\/vc_tta_section][vc_tta_section title=\u00a0\u00bbD\u00e9scription\u00a0\u00bb tab_id=\u00a0\u00bb1695211853438-e824b518-1371e70a-0cbc\u00a0\u00bb][vc_column_text el_class=\u00a0\u00bbproduit\u00a0\u00bb]<\/p>\n<p style=\"text-align: justify\">La couleur blanche de cette montre et son cadran gold cr\u00e9ent un contraste unique qui sublimera votre look. Son design original inspir\u00e9 d\u2019Afrique offre des lignes \u00e9pur\u00e9es aux couleurs vives et en font un bijou qui s\u2019int\u00e8gre parfaitement \u00e0 vos tenues.<\/p>\n<p>[\/vc_column_text][\/vc_tta_section][vc_tta_section title=\u00a0\u00bbD\u00e9tails produit\u00a0\u00bb tab_id=\u00a0\u00bb1695211953421-e6b9358e-bf3ee70a-0cbc\u00a0\u00bb][vc_column_text el_class=\u00a0\u00bbproduit\u00a0\u00bb]Mati\u00e8re du boitier: <b><span style=\"text-transform: uppercase\">Acier inoxydable 316L<\/span><\/b><\/p>\n<p>\u00c9paisseur du cadran: <b><span style=\"text-transform: uppercase\">7 mm<\/span><\/b><\/p>\n<p>Diam\u00e8tre: 42<b><span style=\"text-transform: uppercase\">\u00a0mm<\/span><\/b><\/p>\n<p>Couleur: Gold<\/p>\n<p>Mouvement: <b><span style=\"text-transform: uppercase\">Mouvement \u00e0 quartz japonais<\/span><\/b><\/p>\n<p>Mati\u00e8re du Bracelet: <b><span style=\"text-transform: uppercase\">Acier inoxydable 316L<\/span><\/b><\/p>\n<p>Couleur: gold et Argent<\/p>\n<p>Type de bracelet: <b><span style=\"text-transform: uppercase\">Inchangeable<\/span><\/b><\/p>\n<p>Caract\u00e9ristique: <b><span style=\"text-transform: uppercase\">R\u00e9sistant \u00e0 l\u2019eau \/ \u00e9tanch\u00e9it\u00e9 3 bar<\/span><\/b>[\/vc_column_text][\/vc_tta_section][vc_tta_section title=\u00a0\u00bbLivraison\u00a0\u00bb tab_id=\u00a0\u00bb1695211927094-2f5841eb-a1b5e70a-0cbc\u00a0\u00bb][vc_column_text]<span style=\"font-family: futuraptlight;color: #000000\"><span class=\"\" title=\"\">Nous exp\u00e9dions partout au S\u00e9n\u00e9gal, en Afrique, en Asie, en Europe et en Am\u00e9rique.<\/span> <span class=\"\" title=\"\">Vous pouvez payer en esp\u00e8ces \u00e0 la livraison au S\u00e9n\u00e9gal et par carte bancaire dans le monde entier.<\/span><\/span>[\/vc_column_text][\/vc_tta_section][\/vc_tta_accordion][\/vc_column][\/vc_row]<\/p>\n","protected":false},"featured_media":100000057647,"template":"","meta":[],"product_cat":[238,91,135,87],"product_tag":[],"class_list":{"0":"post-55621","1":"product","2":"type-product","3":"status-publish","4":"has-post-thumbnail","6":"product_cat-royalty-deluxe","7":"product_cat-hommes","8":"product_cat-royalty-homme","9":"product_cat-montres","10":"pa_taille-42-mm","13":"outofstock","14":"featured","15":"taxable","16":"shipping-taxable","17":"purchasable","18":"product-type-simple"},"_links":{"self":[{"href":"https:\/\/www.mathydy.com\/us\/wp-json\/wp\/v2\/product\/55621"}],"collection":[{"href":"https:\/\/www.mathydy.com\/us\/wp-json\/wp\/v2\/product"}],"about":[{"href":"https:\/\/www.mathydy.com\/us\/wp-json\/wp\/v2\/types\/product"}],"wp:featuredmedia":[{"embeddable":true,"href":"https:\/\/www.mathydy.com\/us\/wp-json\/"}],"wp:attachment":[{"href":"https:\/\/www.mathydy.com\/us\/wp-json\/wp\/v2\/media?parent=55621"}],"wp:term":[{"taxonomy":"product_cat","embeddable":true,"href":"https:\/\/www.mathydy.com\/us\/wp-json\/wp\/v2\/product_cat?post=55621"},{"taxonomy":"product_tag","embeddable":true,"href":"https:\/\/www.mathydy.com\/us\/wp-json\/wp\/v2\/product_tag?post=55621"}],"curies":[{"name":"wp","href":"https:\/\/api.w.org\/{rel}","templated":true}]}}