{"id":55641,"date":"2025-01-10T10:51:06","date_gmt":"2025-01-10T09:51:06","guid":{"rendered":"https:\/\/www.mathydy.com\/us\/produit\/mademoiselle-des-cocotiers\/"},"modified":"2025-12-05T13:23:22","modified_gmt":"2025-12-05T12:23:22","slug":"mademoiselle-dassinie","status":"publish","type":"product","link":"https:\/\/www.mathydy.com\/us\/produit\/mademoiselle-dassinie\/","title":{"rendered":"Mademoiselle d&rsquo;Assinie"},"content":{"rendered":"","protected":false},"excerpt":{"rendered":"<p>[vc_row][vc_column][vc_tta_accordion c_position=\u00a0\u00bbright\u00a0\u00bb active_section=\u00a0\u00bb1&Prime;][vc_tta_section title=\u00a0\u00bbD\u00e9scription\u00a0\u00bb tab_id=\u00a0\u00bb1695211853438-e824b518-1371cc12-c745&Prime;][vc_column_text el_class=\u00a0\u00bbproduit\u00a0\u00bb]Assinie, officiellement connue sous le nom de Assinie-Mafia, est une station baln\u00e9aire iconique\u00a0 du sud-est de la\u00a0C\u00f4te d&rsquo;Ivoire, appartenant au d\u00e9partement d&rsquo;Adiak\u00e9, dans la\u00a0R\u00e9gion du Sud-Como\u00e9.\u00a0 Elle est connue pour ses plage f\u00e9\u00e9riques, son paysage pittoresque et ses nombreuses r\u00e9sidences et sites h\u00f4teliers de vacances.<\/p>\n<p><span style=\"font-family: futuraptlight\">La Mademoiselle est parfaite pour une c\u00e9r\u00e9monie importante, une soir\u00e9e chic ou pour attaquer de nouveaux d\u00e9fis professionnels au quotidien. Ses lignes minimalistes ajouteront une touche de glamour ind\u00e9modable \u00e0 votre style. Fabriqu\u00e9 avec des mat\u00e9riaux de qualit\u00e9 sup\u00e9rieure et enti\u00e8rement con\u00e7ue en cuir lisse v\u00e9ritable, ce sac \u00e0 main est non seulement \u00e9l\u00e9gant mais aussi r\u00e9sistant \u00e0 l&rsquo;usage quotidien. La Mademoiselle offre amplement d&rsquo;espace pour ranger vos essentiels en toute s\u00e9curit\u00e9.<\/span>[\/vc_column_text][\/vc_tta_section][vc_tta_section title=\u00a0\u00bbD\u00e9tails produit\u00a0\u00bb tab_id=\u00a0\u00bb1695211953421-e6b9358e-bf3ecc12-c745&Prime;][vc_column_text el_class=\u00a0\u00bbproduit\u00a0\u00bb]<span style=\"font-family: futuraptlight\">Cuir lisse v\u00e9ritable et acier inoxydable plaqu\u00e9 couleur or.<\/span><\/p>\n<p><span style=\"font-family: futuraptlight\">Dimension\u00a0: Hauteur 29 cm, Largeur 25,5 cm, Profondeur 24,5 cm, \u00e9paisseur 10 cm.<\/span><\/p>\n<p><span style=\"font-family: futuraptlight\">Couleur : Jaune.<\/span><\/p>\n<p>[\/vc_column_text][\/vc_tta_section][vc_tta_section title=\u00a0\u00bbLivraison\u00a0\u00bb tab_id=\u00a0\u00bb1695211927094-2f5841eb-a1b56336-cf4f\u00a0\u00bb][vc_column_text el_class=\u00a0\u00bbproduit\u00a0\u00bb]<\/p>\n<div class=\"vc_tta-panel-heading\">\n<p class=\"vc_tta-panel-title vc_tta-controls-icon-position-right\">Livraison disponible o\u00f9 que vous soyez. Paiement par carte bancaire, mobile money ou en esp\u00e8ces \u00e0 la livraison disponible. Aucun retour, changement de pi\u00e8ce ou remboursement n\u2019est possible apr\u00e8s livraison et r\u00e9ception. Le sac n\u2019est soumis aucune garantie en cas d\u2019usure ou de dommage accidentel ou volontaire.<\/p>\n<\/div>\n<p>[\/vc_column_text][\/vc_tta_section][\/vc_tta_accordion][\/vc_column][\/vc_row]<\/p>\n","protected":false},"featured_media":100000057720,"template":"","meta":[],"product_cat":[179,251,97],"product_tag":[],"class_list":{"0":"post-55641","1":"product","2":"type-product","3":"status-publish","4":"has-post-thumbnail","6":"product_cat-mademoiselle","7":"product_cat-sac-fin-dannee","8":"product_cat-collection-sac","11":"instock","12":"taxable","13":"shipping-taxable","14":"purchasable","15":"product-type-simple"},"_links":{"self":[{"href":"https:\/\/www.mathydy.com\/us\/wp-json\/wp\/v2\/product\/55641"}],"collection":[{"href":"https:\/\/www.mathydy.com\/us\/wp-json\/wp\/v2\/product"}],"about":[{"href":"https:\/\/www.mathydy.com\/us\/wp-json\/wp\/v2\/types\/product"}],"wp:featuredmedia":[{"embeddable":true,"href":"https:\/\/www.mathydy.com\/us\/wp-json\/"}],"wp:attachment":[{"href":"https:\/\/www.mathydy.com\/us\/wp-json\/wp\/v2\/media?parent=55641"}],"wp:term":[{"taxonomy":"product_cat","embeddable":true,"href":"https:\/\/www.mathydy.com\/us\/wp-json\/wp\/v2\/product_cat?post=55641"},{"taxonomy":"product_tag","embeddable":true,"href":"https:\/\/www.mathydy.com\/us\/wp-json\/wp\/v2\/product_tag?post=55641"}],"curies":[{"name":"wp","href":"https:\/\/api.w.org\/{rel}","templated":true}]}}