{"id":55684,"date":"2025-02-07T18:37:30","date_gmt":"2025-02-07T17:37:30","guid":{"rendered":"https:\/\/www.mathydy.com\/us\/produit\/almamy\/"},"modified":"2026-04-24T16:52:56","modified_gmt":"2026-04-24T14:52:56","slug":"almamy","status":"publish","type":"product","link":"https:\/\/www.mathydy.com\/us\/produit\/almamy\/","title":{"rendered":"ALMAMY"},"content":{"rendered":"","protected":false},"excerpt":{"rendered":"<p>[vc_row][vc_column][vc_tta_accordion c_position=\u00a0\u00bbright\u00a0\u00bb active_section=\u00a0\u00bb1&Prime;][vc_tta_section title=\u00a0\u00bbHistoire\u00a0\u00bb tab_id=\u00a0\u00bb1695211853429-aeebdfaa-ef94e4f8-bbfc\u00a0\u00bb][vc_column_text el_class=\u00a0\u00bbproduit\u00a0\u00bb]Les Almamys ont rayonn\u00e9 spirituellement, culturellement et \u00e9conomiquement dans l\u2019ex-royaume du Fouta-Toro. Au cours de leur r\u00e8gne, ces hommes vertueux et sages ont pr\u00f4n\u00e9 l\u2019Islam, l\u2019\u00e9galit\u00e9, la d\u00e9mocratie, la transparence, l\u2019\u00e9quit\u00e9, la dignit\u00e9 humaine, la bonne gouvernance. Plus de deux si\u00e8cles apr\u00e8s le d\u00e9clin de l\u2019\u00c9tat th\u00e9ocratique, le Fouta Toro reste toujours nostalgique de ce r\u00e8gne qui a permis d\u2019implanter solidement l\u2019Islam dans cette partie du pays et de la transformer en un bastion de la religion musulmane.[\/vc_column_text][\/vc_tta_section][vc_tta_section title=\u00a0\u00bbD\u00e9scription\u00a0\u00bb tab_id=\u00a0\u00bb1695211853438-e824b518-1371e4f8-bbfc\u00a0\u00bb][vc_column_text el_class=\u00a0\u00bbproduit\u00a0\u00bb]<span style=\"font-family: futuraptlight\">Ce mod\u00e8le, avec son cadran en gold, permet d\u2019avoir un\u00a0look os\u00e9\u00a0 qui s\u2019allie avec gr\u00e2ce avec des v\u00eatements blanc ou de tons clair.\u00a0 Ses motifs incrust\u00e9s et discrets sur fond noir en fond un ob\u00e8le\u00a0unique qui surprend par sa simplicit\u00e9.<\/span>[\/vc_column_text][\/vc_tta_section][vc_tta_section title=\u00a0\u00bbD\u00e9tails produit\u00a0\u00bb tab_id=\u00a0\u00bb1695211953421-e6b9358e-bf3ee4f8-bbfc\u00a0\u00bb][vc_column_text el_class=\u00a0\u00bbproduit\u00a0\u00bb]<span style=\"font-family: futuraptlight\">Mati\u00e8re du boitier: Acier inoxydable 316L<\/span><\/p>\n<p><span style=\"font-family: futuraptlight\">\u00c9paisseur du cadran :\u00a0\u00a0 7 mm<\/span><\/p>\n<p><span style=\"font-family: futuraptlight\">Diam\u00e8tre:\u00a0 42 mm<\/span><\/p>\n<p><span style=\"font-family: futuraptlight\">Couleur:\u00a0 Gold<\/span><\/p>\n<p><span style=\"font-family: futuraptlight\">Mouvement :\u00a0 Mouvement \u00e0 quartz japonais<\/span><\/p>\n<p><span style=\"font-family: futuraptlight\">Mati\u00e8re du Bracelet :\u00a0 acier inoxydable<\/span><\/p>\n<p><span style=\"font-family: futuraptlight\">Couleur:\u00a0 Marron, Noir<\/span><\/p>\n<p><span style=\"font-family: futuraptlight\">Type de bracelet: Interchangeable<\/span><\/p>\n<p><span style=\"font-family: futuraptlight\">Caract\u00e9ristique:\u00a0 R\u00e9sistant a l\u2019eau \/ \u00e9tanch\u00e9it\u00e9 3 bar<\/span>[\/vc_column_text][\/vc_tta_section][vc_tta_section title=\u00a0\u00bbLivraison\u00a0\u00bb tab_id=\u00a0\u00bb1695211927094-2f5841eb-a1b5e4f8-bbfc\u00a0\u00bb][vc_column_text]<span style=\"font-family: futuraptlight;color: #000000\"><span class=\"\" title=\"\">Nous exp\u00e9dions partout au S\u00e9n\u00e9gal, en Afrique, en Asie, en Europe et en Am\u00e9rique.<\/span> <span class=\"\" title=\"\">Vous pouvez payer en esp\u00e8ces \u00e0 la livraison au S\u00e9n\u00e9gal et par carte bancaire dans le monde entier.<\/span><\/span>[\/vc_column_text][\/vc_tta_section][\/vc_tta_accordion][\/vc_column][\/vc_row]<\/p>\n","protected":false},"featured_media":100000057916,"template":"","meta":[],"product_cat":[91,132,87,130],"product_tag":[],"class_list":{"0":"post-55684","1":"product","2":"type-product","3":"status-publish","4":"has-post-thumbnail","6":"product_cat-hommes","7":"product_cat-noblesse-homme","8":"product_cat-montres","9":"product_cat-noblesse","10":"pa_cuir-marron","11":"pa_cuir-noir","12":"pa_taille-42-mm","15":"instock","16":"taxable","17":"shipping-taxable","18":"purchasable","19":"product-type-variable","20":"has-default-attributes"},"_links":{"self":[{"href":"https:\/\/www.mathydy.com\/us\/wp-json\/wp\/v2\/product\/55684"}],"collection":[{"href":"https:\/\/www.mathydy.com\/us\/wp-json\/wp\/v2\/product"}],"about":[{"href":"https:\/\/www.mathydy.com\/us\/wp-json\/wp\/v2\/types\/product"}],"wp:featuredmedia":[{"embeddable":true,"href":"https:\/\/www.mathydy.com\/us\/wp-json\/"}],"wp:attachment":[{"href":"https:\/\/www.mathydy.com\/us\/wp-json\/wp\/v2\/media?parent=55684"}],"wp:term":[{"taxonomy":"product_cat","embeddable":true,"href":"https:\/\/www.mathydy.com\/us\/wp-json\/wp\/v2\/product_cat?post=55684"},{"taxonomy":"product_tag","embeddable":true,"href":"https:\/\/www.mathydy.com\/us\/wp-json\/wp\/v2\/product_tag?post=55684"}],"curies":[{"name":"wp","href":"https:\/\/api.w.org\/{rel}","templated":true}]}}