{"id":55687,"date":"2025-02-07T18:45:11","date_gmt":"2025-02-07T17:45:11","guid":{"rendered":"https:\/\/www.mathydy.com\/us\/produit\/bourba\/"},"modified":"2026-05-07T14:49:31","modified_gmt":"2026-05-07T12:49:31","slug":"bourba","status":"publish","type":"product","link":"https:\/\/www.mathydy.com\/us\/produit\/bourba\/","title":{"rendered":"BOURBA"},"content":{"rendered":"","protected":false},"excerpt":{"rendered":"<p>[vc_row][vc_column][vc_tta_accordion c_position=\u00a0\u00bbright\u00a0\u00bb active_section=\u00a0\u00bb1&Prime;][vc_tta_section title=\u00a0\u00bbHistoire\u00a0\u00bb tab_id=\u00a0\u00bb1695211853429-aeebdfaa-ef94e4f8-bbfc\u00a0\u00bb][vc_column_text el_class=\u00a0\u00bbproduit\u00a0\u00bb]L\u2019empire du Djolof fut l\u2019une des grandes formations politiques qui marqua l\u2019histoire de la\u00a0S\u00e9n\u00e9gambie\u00a0et de la Mauritanie, englobant des territoires qui correspondent aujourd\u2019hui au S\u00e9n\u00e9gal et \u00e0 une partie de la\u00a0Mauritanie. \u00c0 son apog\u00e9e, il comprenait les \u00c9tats du\u00a0Cayor, du\u00a0Baol, du\u00a0Walo, du\u00a0Sine, du\u00a0Saloum, ainsi qu\u2019une portion du\u00a0Fouta-Toro, du\u00a0Bambouk\u00a0et de la Mauritanie . Apr\u00e8s sa dislocation, ces \u00c9tats prirent leur ind\u00e9pendance et devinrent des royaumes autonomes. Bien que Ndiadiane Ndiaye soit consid\u00e9r\u00e9 comme le premier Bourba (empereur), il est \u00e9vident que d&rsquo;autres souverains dont certains ont port\u00e9 le patronyme Mbengue aient regn\u00e9 avant lui.[\/vc_column_text][\/vc_tta_section][vc_tta_section title=\u00a0\u00bbD\u00e9scription\u00a0\u00bb tab_id=\u00a0\u00bb1695211853438-e824b518-1371e4f8-bbfc\u00a0\u00bb][vc_column_text el_class=\u00a0\u00bbproduit\u00a0\u00bb]<span style=\"font-family: futuraptlight\">Ce mod\u00e8le, avec son cadran en gold, permet d\u2019avoir un\u00a0look os\u00e9\u00a0 qui s\u2019allie avec gr\u00e2ce avec des v\u00eatements blanc ou de tons clair.\u00a0 Ses motifs incrust\u00e9s et discrets sur fond noir en fond un ob\u00e8le\u00a0unique qui surprend par sa simplicit\u00e9.<\/span>[\/vc_column_text][\/vc_tta_section][vc_tta_section title=\u00a0\u00bbD\u00e9tails produit\u00a0\u00bb tab_id=\u00a0\u00bb1695211953421-e6b9358e-bf3ee4f8-bbfc\u00a0\u00bb][vc_column_text el_class=\u00a0\u00bbproduit\u00a0\u00bb]<span style=\"font-family: futuraptlight\">Mati\u00e8re du boitier: Acier inoxydable 316L<\/span><\/p>\n<p><span style=\"font-family: futuraptlight\">\u00c9paisseur du cadran :\u00a0\u00a0 7 mm<\/span><\/p>\n<p><span style=\"font-family: futuraptlight\">Diam\u00e8tre:\u00a0 42 mm<\/span><\/p>\n<p><span style=\"font-family: futuraptlight\">Couleur:\u00a0 Gold<\/span><\/p>\n<p><span style=\"font-family: futuraptlight\">Mouvement :\u00a0 Mouvement \u00e0 quartz japonais<\/span><\/p>\n<p><span style=\"font-family: futuraptlight\">Mati\u00e8re du Bracelet :\u00a0 acier inoxydable<\/span><\/p>\n<p><span style=\"font-family: futuraptlight\">Couleur:\u00a0 Marron, Noir<\/span><\/p>\n<p><span style=\"font-family: futuraptlight\">Type de bracelet: Interchangeable<\/span><\/p>\n<p><span style=\"font-family: futuraptlight\">Caract\u00e9ristique:\u00a0 R\u00e9sistant a l\u2019eau \/ \u00e9tanch\u00e9it\u00e9 3 bar<\/span>[\/vc_column_text][\/vc_tta_section][vc_tta_section title=\u00a0\u00bbLivraison\u00a0\u00bb tab_id=\u00a0\u00bb1695211927094-2f5841eb-a1b5e4f8-bbfc\u00a0\u00bb][vc_column_text]<span style=\"font-family: futuraptlight;color: #000000\"><span class=\"\" title=\"\">Nous exp\u00e9dions partout au S\u00e9n\u00e9gal, en Afrique, en Asie, en Europe et en Am\u00e9rique.<\/span> <span class=\"\" title=\"\">Vous pouvez payer en esp\u00e8ces \u00e0 la livraison au S\u00e9n\u00e9gal et par carte bancaire dans le monde entier.<\/span><\/span>[\/vc_column_text][\/vc_tta_section][\/vc_tta_accordion][\/vc_column][\/vc_row]<\/p>\n","protected":false},"featured_media":100000057918,"template":"","meta":[],"product_cat":[91,132,87,130],"product_tag":[],"class_list":{"0":"post-55687","1":"product","2":"type-product","3":"status-publish","4":"has-post-thumbnail","6":"product_cat-hommes","7":"product_cat-noblesse-homme","8":"product_cat-montres","9":"product_cat-noblesse","10":"pa_cuir-marron","11":"pa_cuir-noir","12":"pa_taille-42-mm","15":"instock","16":"taxable","17":"shipping-taxable","18":"purchasable","19":"product-type-variable","20":"has-default-attributes"},"_links":{"self":[{"href":"https:\/\/www.mathydy.com\/us\/wp-json\/wp\/v2\/product\/55687"}],"collection":[{"href":"https:\/\/www.mathydy.com\/us\/wp-json\/wp\/v2\/product"}],"about":[{"href":"https:\/\/www.mathydy.com\/us\/wp-json\/wp\/v2\/types\/product"}],"wp:featuredmedia":[{"embeddable":true,"href":"https:\/\/www.mathydy.com\/us\/wp-json\/"}],"wp:attachment":[{"href":"https:\/\/www.mathydy.com\/us\/wp-json\/wp\/v2\/media?parent=55687"}],"wp:term":[{"taxonomy":"product_cat","embeddable":true,"href":"https:\/\/www.mathydy.com\/us\/wp-json\/wp\/v2\/product_cat?post=55687"},{"taxonomy":"product_tag","embeddable":true,"href":"https:\/\/www.mathydy.com\/us\/wp-json\/wp\/v2\/product_tag?post=55687"}],"curies":[{"name":"wp","href":"https:\/\/api.w.org\/{rel}","templated":true}]}}