{"id":55694,"date":"2025-02-10T09:48:48","date_gmt":"2025-02-10T08:48:48","guid":{"rendered":"https:\/\/www.mathydy.com\/us\/produit\/portefeuille-alien-meuve\/"},"modified":"2025-12-23T15:27:27","modified_gmt":"2025-12-23T14:27:27","slug":"portefeuille-alien-rouge-bordeaux","status":"publish","type":"product","link":"https:\/\/www.mathydy.com\/us\/produit\/portefeuille-alien-rouge-bordeaux\/","title":{"rendered":"portefeuille alien rouge bordeaux"},"content":{"rendered":"","protected":false},"excerpt":{"rendered":"<p>[vc_row][vc_column][vc_tta_accordion c_position=\u00a0\u00bbright\u00a0\u00bb active_section=\u00a0\u00bb1&Prime;][vc_tta_section title=\u00a0\u00bbD\u00e9scription\u00a0\u00bb tab_id=\u00a0\u00bb1695211853438-e824b518-1371&Prime;][vc_column_text el_class=\u00a0\u00bbproduit\u00a0\u00bb]Le portefeuille Alien est le dernier n\u00e9 de notre petite maroquinerie. Avec ses motifs uniques,\u00a0 cette p\u00e9pite venu d&rsquo;ailleurs va illuminer vos sorties au quotidien avec un zeste d&rsquo;originalit\u00e9 et de fraicheur.[\/vc_column_text][\/vc_tta_section][vc_tta_section title=\u00a0\u00bbD\u00e9tails produit\u00a0\u00bb tab_id=\u00a0\u00bb1695211953421-e6b9358e-bf3e\u00a0\u00bb][vc_column_text]<\/p>\n<div class=\"\"><span style=\"font-size: 12pt;font-family: futuraptlight;color: #000000\">Hauteur: 10,5 cm<\/span><\/div>\n<div class=\"\"><span style=\"font-size: 12pt;font-family: futuraptlight;color: #000000\">Largeur: 11,5 cm<\/span><\/div>\n<div class=\"\"><span style=\"font-size: 12pt;font-family: futuraptlight;color: #000000\">Couleur: Rouge bordeaux<\/span><\/div>\n<p>[\/vc_column_text][\/vc_tta_section][vc_tta_section title=\u00a0\u00bbLivraison\u00a0\u00bb tab_id=\u00a0\u00bb1695211927094-2f5841eb-a1b5&Prime;][vc_column_text]<span style=\"font-family: futuraptlight;color: #000000\"><span class=\"\" title=\"\">Nous exp\u00e9dions partout au S\u00e9n\u00e9gal, en Afrique, en Asie, en Europe et en Am\u00e9rique.<\/span> <span class=\"\" title=\"\">Vous pouvez payer en esp\u00e8ces \u00e0 la livraison au S\u00e9n\u00e9gal et par carte bancaire dans le monde entier.<\/span><\/span>[\/vc_column_text][\/vc_tta_section][\/vc_tta_accordion][\/vc_column][\/vc_row]<\/p>\n","protected":false},"featured_media":100000058019,"template":"","meta":[],"product_cat":[232],"product_tag":[],"class_list":{"0":"post-55694","1":"product","2":"type-product","3":"status-publish","4":"has-post-thumbnail","6":"product_cat-portefeuille-alien","9":"outofstock","10":"taxable","11":"shipping-taxable","12":"purchasable","13":"product-type-simple"},"_links":{"self":[{"href":"https:\/\/www.mathydy.com\/us\/wp-json\/wp\/v2\/product\/55694"}],"collection":[{"href":"https:\/\/www.mathydy.com\/us\/wp-json\/wp\/v2\/product"}],"about":[{"href":"https:\/\/www.mathydy.com\/us\/wp-json\/wp\/v2\/types\/product"}],"wp:featuredmedia":[{"embeddable":true,"href":"https:\/\/www.mathydy.com\/us\/wp-json\/"}],"wp:attachment":[{"href":"https:\/\/www.mathydy.com\/us\/wp-json\/wp\/v2\/media?parent=55694"}],"wp:term":[{"taxonomy":"product_cat","embeddable":true,"href":"https:\/\/www.mathydy.com\/us\/wp-json\/wp\/v2\/product_cat?post=55694"},{"taxonomy":"product_tag","embeddable":true,"href":"https:\/\/www.mathydy.com\/us\/wp-json\/wp\/v2\/product_tag?post=55694"}],"curies":[{"name":"wp","href":"https:\/\/api.w.org\/{rel}","templated":true}]}}