{"id":55702,"date":"2025-02-10T13:37:52","date_gmt":"2025-02-10T12:37:52","guid":{"rendered":"https:\/\/www.mathydy.com\/us\/produit\/kitoko-rose-clair\/"},"modified":"2026-04-07T12:52:32","modified_gmt":"2026-04-07T10:52:32","slug":"kitoko-rose-clair","status":"publish","type":"product","link":"https:\/\/www.mathydy.com\/us\/produit\/kitoko-rose-clair\/","title":{"rendered":"kitoko Rose clair"},"content":{"rendered":"","protected":false},"excerpt":{"rendered":"<p>[vc_row][vc_column][vc_tta_accordion c_position=\u00a0\u00bbright\u00a0\u00bb active_section=\u00a0\u00bb1&Prime;][vc_tta_section title=\u00a0\u00bbD\u00e9scription\u00a0\u00bb tab_id=\u00a0\u00bb1695211853438-e824b518-1371cc12-c745&Prime;][vc_column_text el_class=\u00a0\u00bbproduit\u00a0\u00bb]<\/p>\n<p>Kitoko signifie \u00ab Belle \u00bb ou \u00ab Beaut\u00e9 \u00bb en Lingala, une langue bantoue parl\u00e9e en r\u00e9publique d\u00e9mocratique du Congo, en Angola et en R\u00e9publique centrafricaine. Ce sac est id\u00e9al pour vous d\u00e9marquer durant une soir\u00e9e de gala ou un rendez vous d&rsquo;affaire important.[\/vc_column_text][\/vc_tta_section][vc_tta_section title=\u00a0\u00bbD\u00e9tails produit\u00a0\u00bb tab_id=\u00a0\u00bb1695211953421-e6b9358e-bf3ecc12-c745&Prime;][vc_column_text el_class=\u00a0\u00bbproduit\u00a0\u00bb]<span style=\"font-family: futuraptlight\">Cuir lisse v\u00e9ritable et acier inoxydable plaqu\u00e9 couleur or.<\/span><\/p>\n<p><span style=\"font-family: futuraptlight\">Dimension : Hauteur 20 cm, Largeur 30 cm<\/span><\/p>\n<p><span style=\"font-family: futuraptlight\">Couleur : Rose clair.<\/span><\/p>\n<p>[\/vc_column_text][\/vc_tta_section][vc_tta_section title=\u00a0\u00bbLivraison\u00a0\u00bb tab_id=\u00a0\u00bb1695211927094-2f5841eb-a1b56336-cf4f\u00a0\u00bb][vc_column_text el_class=\u00a0\u00bbproduit\u00a0\u00bb]<\/p>\n<div class=\"vc_tta-panel-heading\">\n<p class=\"vc_tta-panel-title vc_tta-controls-icon-position-right\">Livraison disponible o\u00f9 que vous soyez. Paiement par carte bancaire, mobile money ou en esp\u00e8ces \u00e0 la livraison disponible. Aucun retour, changement de pi\u00e8ce ou remboursement n\u2019est possible apr\u00e8s livraison et r\u00e9ception. Le sac n\u2019est soumis aucune garantie en cas d\u2019usure ou de dommage accidentel ou volontaire.<\/p>\n<\/div>\n<p>[\/vc_column_text][\/vc_tta_section][\/vc_tta_accordion][\/vc_column][\/vc_row]<\/p>\n","protected":false},"featured_media":100000060710,"template":"","meta":[],"product_cat":[243,251,97],"product_tag":[],"class_list":{"0":"post-55702","1":"product","2":"type-product","3":"status-publish","4":"has-post-thumbnail","6":"product_cat-kitoko","7":"product_cat-sac-fin-dannee","8":"product_cat-collection-sac","11":"outofstock","12":"featured","13":"taxable","14":"shipping-taxable","15":"purchasable","16":"product-type-simple"},"_links":{"self":[{"href":"https:\/\/www.mathydy.com\/us\/wp-json\/wp\/v2\/product\/55702"}],"collection":[{"href":"https:\/\/www.mathydy.com\/us\/wp-json\/wp\/v2\/product"}],"about":[{"href":"https:\/\/www.mathydy.com\/us\/wp-json\/wp\/v2\/types\/product"}],"wp:featuredmedia":[{"embeddable":true,"href":"https:\/\/www.mathydy.com\/us\/wp-json\/"}],"wp:attachment":[{"href":"https:\/\/www.mathydy.com\/us\/wp-json\/wp\/v2\/media?parent=55702"}],"wp:term":[{"taxonomy":"product_cat","embeddable":true,"href":"https:\/\/www.mathydy.com\/us\/wp-json\/wp\/v2\/product_cat?post=55702"},{"taxonomy":"product_tag","embeddable":true,"href":"https:\/\/www.mathydy.com\/us\/wp-json\/wp\/v2\/product_tag?post=55702"}],"curies":[{"name":"wp","href":"https:\/\/api.w.org\/{rel}","templated":true}]}}