{"id":55874,"date":"2025-05-06T17:35:45","date_gmt":"2025-05-06T15:35:45","guid":{"rendered":"https:\/\/www.mathydy.com\/us\/produit\/diarra\/"},"modified":"2025-07-24T18:34:45","modified_gmt":"2025-07-24T16:34:45","slug":"diarra","status":"publish","type":"product","link":"https:\/\/www.mathydy.com\/us\/produit\/diarra\/","title":{"rendered":"diarra"},"content":{"rendered":"<section class=\"wpb-content-wrapper\"><p>[vc_row css=\u00a0\u00bb.vc_custom_1536635902854{margin-bottom: 60px !important;padding-top: 60px !important;}\u00a0\u00bb][vc_column css_animation=\u00a0\u00bbfadeInLeft\u00a0\u00bb width=\u00a0\u00bb1\/2&Prime; offset=\u00a0\u00bbvc_hidden-sm vc_col-xs-6 vc_hidden-xs\u00a0\u00bb][vc_single_image image=\u00a0\u00bb11959&Prime; img_size=\u00a0\u00bb1000&#215;852&Prime; style=\u00a0\u00bbvc_box_rounded\u00a0\u00bb css_animation=\u00a0\u00bbnone\u00a0\u00bb css=\u00a0\u00bb.vc_custom_1704195874909{margin-left: 80px !important;}\u00a0\u00bb][vc_single_image image=\u00a0\u00bb11957&Prime; img_size=\u00a0\u00bb1000&#215;900&Prime; style=\u00a0\u00bbvc_box_rounded\u00a0\u00bb css_animation=\u00a0\u00bbnone\u00a0\u00bb css=\u00a0\u00bb.vc_custom_1704195908072{margin-top: -88px !important;margin-left: 80px !important;}\u00a0\u00bb][\/vc_column][vc_column css_animation=\u00a0\u00bbfadeInRight\u00a0\u00bb width=\u00a0\u00bb1\/2&Prime; offset=\u00a0\u00bbvc_hidden-sm vc_col-xs-6 vc_hidden-xs\u00a0\u00bb][vc_single_image image=\u00a0\u00bb10069&Prime; img_size=\u00a0\u00bb1000&#215;900&Prime; style=\u00a0\u00bbvc_box_rounded\u00a0\u00bb css_animation=\u00a0\u00bbnone\u00a0\u00bb css=\u00a0\u00bb.vc_custom_1701793979012{margin-top: 250px !important;margin-left: 16px !important;}\u00a0\u00bb][\/vc_column][\/vc_row][vc_row el_class=\u00a0\u00bbimages\u00a0\u00bb][vc_column css_animation=\u00a0\u00bbfadeInLeft\u00a0\u00bb width=\u00a0\u00bb1\/2&Prime; offset=\u00a0\u00bbvc_hidden-lg vc_hidden-md vc_col-xs-6&Prime; css=\u00a0\u00bb.vc_custom_1700838221670{margin-top: -125px !important;}\u00a0\u00bb][vc_single_image image=\u00a0\u00bb11959&Prime; img_size=\u00a0\u00bb1000&#215;852&Prime; style=\u00a0\u00bbvc_box_rounded\u00a0\u00bb css_animation=\u00a0\u00bbnone\u00a0\u00bb][vc_single_image image=\u00a0\u00bb11957&Prime; img_size=\u00a0\u00bb1000&#215;900&Prime; style=\u00a0\u00bbvc_box_rounded\u00a0\u00bb css_animation=\u00a0\u00bbnone\u00a0\u00bb][\/vc_column][vc_column css_animation=\u00a0\u00bbfadeInRight\u00a0\u00bb width=\u00a0\u00bb1\/2&Prime; offset=\u00a0\u00bbvc_hidden-lg vc_hidden-md vc_col-xs-6&Prime; css=\u00a0\u00bb.vc_custom_1700838229861{margin-top: -125px !important;}\u00a0\u00bb][vc_single_image image=\u00a0\u00bb10069&Prime; img_size=\u00a0\u00bb1000&#215;900&Prime; style=\u00a0\u00bbvc_box_rounded\u00a0\u00bb css_animation=\u00a0\u00bbnone\u00a0\u00bb][\/vc_column][\/vc_row]<\/p>\n<\/section>","protected":false},"excerpt":{"rendered":"<p>[vc_row][vc_column][vc_tta_accordion c_position=\u00a0\u00bbright\u00a0\u00bb active_section=\u00a0\u00bb1&Prime;][vc_tta_section title=\u00a0\u00bbHistoire\u00a0\u00bb tab_id=\u00a0\u00bb1695211853429-aeebdfaa-ef9415b5-c049&Prime;][vc_column_text el_class=\u00a0\u00bbproduit\u00a0\u00bb]<b>Diarra<\/b>\u00a0est un\u00a0nom de famille\u00a0d&rsquo;Afrique de l&rsquo;ouest, tenu par les descendants de l&rsquo;ancien\u00a0Royaume de Diarra. Il signifie \u00ab\u00a0lion\u00a0\u00bb en\u00a0bambara<sup id=\"cite_ref-1\" class=\"reference\"><\/sup>. Il est port\u00e9 dans les actuels\u00a0:\u00a0Mali,\u00a0Burkina Faso,\u00a0C\u00f4te d\u2019Ivoire, en\u00a0Guin\u00e9e\u00a0et au\u00a0S\u00e9n\u00e9gal.[\/vc_column_text][\/vc_tta_section][vc_tta_section title=\u00a0\u00bbD\u00e9scription\u00a0\u00bb tab_id=\u00a0\u00bb1695211853438-e824b518-137115b5-c049&Prime;][vc_column_text el_class=\u00a0\u00bbproduit\u00a0\u00bb]Diarra repr\u00e9sente l&rsquo;exemplarit\u00e9 et la puret\u00e9 d&rsquo;une femme, elle est \u00e0 la fois douce et authentique. Elle inspire la gaiet\u00e9 et la confiance et vous s\u00e9duira de par son \u00e9l\u00e9gance et sa simplicit\u00e9.[\/vc_column_text][\/vc_tta_section][vc_tta_section title=\u00a0\u00bbD\u00e9tails produit\u00a0\u00bb tab_id=\u00a0\u00bb1695211953421-e6b9358e-bf3e15b5-c049&Prime;][vc_column_text el_class=\u00a0\u00bbproduit\u00a0\u00bb]Mati\u00e8re du boitier: <strong>Acier inoxydable 316L<\/strong><\/p>\n<p>\u00c9paisseur du cadran: <strong>7 mm<\/strong><\/p>\n<p>Diam\u00e8tre: <strong>36 mm<\/strong><\/p>\n<p>Couleur: <strong>Or<\/strong><\/p>\n<p>Mouvement: <strong>Mouvement \u00e0 quartz japonais<\/strong><\/p>\n<p>Mati\u00e8re du Bracelet: <strong>Acier inoxydable 316L<\/strong><\/p>\n<p>Couleur: <strong>Or<\/strong><\/p>\n<p>Type de bracelet: <strong>Interchangeable<\/strong><\/p>\n<p>Caract\u00e9ristique: <strong>R\u00e9sistant \u00e0 l\u2019eau \/ \u00e9tanch\u00e9it\u00e9 3 bar<\/strong>[\/vc_column_text][\/vc_tta_section][vc_tta_section title=\u00a0\u00bbLivraison\u00a0\u00bb tab_id=\u00a0\u00bb1695211927094-2f5841eb-a1b515b5-c049&Prime;][vc_column_text]<span style=\"font-family: futuraptlight;color: #000000\"><span class=\"\" title=\"\">Nous exp\u00e9dions partout au S\u00e9n\u00e9gal, en Afrique, en Asie, en Europe et en Am\u00e9rique.<\/span> <span class=\"\" title=\"\">Vous pouvez payer en esp\u00e8ces \u00e0 la livraison au S\u00e9n\u00e9gal et par carte bancaire dans le monde entier.<\/span><\/span>[\/vc_column_text][\/vc_tta_section][\/vc_tta_accordion][\/vc_column][\/vc_row]<\/p>\n","protected":false},"featured_media":100000010069,"template":"","meta":[],"product_cat":[86,131,130],"product_tag":[],"class_list":{"0":"post-55874","1":"product","2":"type-product","3":"status-publish","4":"has-post-thumbnail","6":"product_cat-femmes","7":"product_cat-noblesse-femme","8":"product_cat-noblesse","9":"pa_taille-36-mm","12":"outofstock","13":"taxable","14":"shipping-taxable","15":"purchasable","16":"product-type-simple"},"_links":{"self":[{"href":"https:\/\/www.mathydy.com\/us\/wp-json\/wp\/v2\/product\/55874"}],"collection":[{"href":"https:\/\/www.mathydy.com\/us\/wp-json\/wp\/v2\/product"}],"about":[{"href":"https:\/\/www.mathydy.com\/us\/wp-json\/wp\/v2\/types\/product"}],"wp:featuredmedia":[{"embeddable":true,"href":"https:\/\/www.mathydy.com\/us\/wp-json\/"}],"wp:attachment":[{"href":"https:\/\/www.mathydy.com\/us\/wp-json\/wp\/v2\/media?parent=55874"}],"wp:term":[{"taxonomy":"product_cat","embeddable":true,"href":"https:\/\/www.mathydy.com\/us\/wp-json\/wp\/v2\/product_cat?post=55874"},{"taxonomy":"product_tag","embeddable":true,"href":"https:\/\/www.mathydy.com\/us\/wp-json\/wp\/v2\/product_tag?post=55874"}],"curies":[{"name":"wp","href":"https:\/\/api.w.org\/{rel}","templated":true}]}}