{"id":56000,"date":"2025-07-15T11:41:38","date_gmt":"2025-07-15T09:41:38","guid":{"rendered":"https:\/\/www.mathydy.com\/us\/produit\/birima-deluxe\/"},"modified":"2026-04-14T13:14:30","modified_gmt":"2026-04-14T11:14:30","slug":"birima-deluxe","status":"publish","type":"product","link":"https:\/\/www.mathydy.com\/us\/produit\/birima-deluxe\/","title":{"rendered":"Birima deluxe"},"content":{"rendered":"","protected":false},"excerpt":{"rendered":"<p>[vc_row][vc_column][vc_tta_accordion c_position=\u00a0\u00bbright\u00a0\u00bb active_section=\u00a0\u00bb1&Prime;][vc_tta_section title=\u00a0\u00bbHistoire\u00a0\u00bb tab_id=\u00a0\u00bb1695211853429-aeebdfaa-ef9442e8-5128&Prime;][vc_column_text el_class=\u00a0\u00bbproduit\u00a0\u00bb]<span style=\"font-family: futuraptlight\">Birima Ngon\u00e9 Latyr Fall est un Damel du Cayor, souverain d&rsquo;un royaume situ\u00e9 \u00e0 l&rsquo;ouest de l&rsquo;actuel S\u00e9n\u00e9gal.<\/span><\/p>\n<p><span style=\"font-family: futuraptlight\">Succ\u00e9dant \u00e0 son oncle Me\u00efssa Tende Dior, il r\u00e8gne pendant quatre ans. Le Damel Birima Ngon\u00e9 Latyr a la particularit\u00e9 d&rsquo;avoir r\u00e9gn\u00e9 sur le cayor avant son p\u00e8re Macodou Coddou Coumba. Chose curieuse car jamais dans le royaume cela ne s&rsquo;\u00e9tait produit.<\/span><\/p>\n<p><span style=\"font-family: futuraptlight\">Le r\u00e8gne de ce Damel est certes court mais il a laiss\u00e9 une empreinte dans la soci\u00e9t\u00e9 wolof.<\/span><\/p>\n<p><span style=\"font-family: futuraptlight\">Birima Ngon\u00e9 a su vivifier le code des wolofs incarn\u00e9 par les ceddos de l&rsquo;\u00e9poque. Le code est fond\u00e9 sur le sens de l&rsquo;honneur, le respect de sa parole et la bravoure. Cet esprit noble s&rsquo;interdit la l\u00e2chet\u00e9, le mensonge et la trahison, et Birima en a donn\u00e9 l&rsquo;exemple.<\/span>[\/vc_column_text][\/vc_tta_section][vc_tta_section title=\u00a0\u00bbD\u00e9scription\u00a0\u00bb tab_id=\u00a0\u00bb1695211853438-e824b518-137142e8-5128&Prime;][vc_column_text el_class=\u00a0\u00bbproduit\u00a0\u00bb]L&rsquo;int\u00e9rieur blanc de cette montre cr\u00e9e un contraste avec le bracelet en Croco\u00a0ce qui en fait une classique revisit\u00e9e avec un design purement Africain.\u00a0Le motif Bogolan fait d\u2019elle une v\u00e9ritable \u0153uvre d\u2019art au poignet. Parfait pour un Style Affaire mais aussi d\u00e9contract\u00e9.[\/vc_column_text][\/vc_tta_section][vc_tta_section title=\u00a0\u00bbD\u00e9tails produit\u00a0\u00bb tab_id=\u00a0\u00bb1695211953421-e6b9358e-bf3e42e8-5128&Prime;][vc_column_text el_class=\u00a0\u00bbproduit\u00a0\u00bb]Mati\u00e8re du boitier: <strong>Acier inoxydable 316L<\/strong><\/p>\n<p>\u00c9paisseur du cadran: <strong>7 mm<\/strong><\/p>\n<p>Diam\u00e8tre: <strong>42 mm<\/strong><\/p>\n<p>Couleur: <strong>Argent<\/strong><\/p>\n<p>Mouvement: <strong>Mouvement \u00e0 quartz japonais<\/strong><\/p>\n<p>Mati\u00e8re du Bracelet: <strong>CUIR V\u00c9RITABLE<\/strong><\/p>\n<p>Couleur: <strong>Noir<\/strong><\/p>\n<p>Type de bracelet: <strong>Interchangeable<\/strong><\/p>\n<p>Caract\u00e9ristique: <strong>R\u00e9sistant \u00e0 l\u2019eau \/ \u00e9tanch\u00e9it\u00e9 3 bar<\/strong>[\/vc_column_text][\/vc_tta_section][vc_tta_section title=\u00a0\u00bbLivraison\u00a0\u00bb tab_id=\u00a0\u00bb1695211927094-2f5841eb-a1b542e8-5128&Prime;][vc_column_text]<span style=\"font-family: futuraptlight;color: #000000\"><span class=\"\" title=\"\">Nous exp\u00e9dions partout au S\u00e9n\u00e9gal, en Afrique, en Asie, en Europe et en Am\u00e9rique.<\/span> <span class=\"\" title=\"\">Vous pouvez payer en esp\u00e8ces \u00e0 la livraison au S\u00e9n\u00e9gal et par carte bancaire dans le monde entier.<\/span><\/span>[\/vc_column_text][\/vc_tta_section][\/vc_tta_accordion][\/vc_column][\/vc_row]<\/p>\n","protected":false},"featured_media":100000059575,"template":"","meta":[],"product_cat":[250,238,91,135,87],"product_tag":[],"class_list":{"0":"post-56000","1":"product","2":"type-product","3":"status-publish","4":"has-post-thumbnail","6":"product_cat-montre-fin-annee","7":"product_cat-royalty-deluxe","8":"product_cat-hommes","9":"product_cat-royalty-homme","10":"product_cat-montres","11":"pa_taille-42-mm","14":"outofstock","15":"featured","16":"taxable","17":"shipping-taxable","18":"purchasable","19":"product-type-simple"},"_links":{"self":[{"href":"https:\/\/www.mathydy.com\/us\/wp-json\/wp\/v2\/product\/56000"}],"collection":[{"href":"https:\/\/www.mathydy.com\/us\/wp-json\/wp\/v2\/product"}],"about":[{"href":"https:\/\/www.mathydy.com\/us\/wp-json\/wp\/v2\/types\/product"}],"wp:featuredmedia":[{"embeddable":true,"href":"https:\/\/www.mathydy.com\/us\/wp-json\/"}],"wp:attachment":[{"href":"https:\/\/www.mathydy.com\/us\/wp-json\/wp\/v2\/media?parent=56000"}],"wp:term":[{"taxonomy":"product_cat","embeddable":true,"href":"https:\/\/www.mathydy.com\/us\/wp-json\/wp\/v2\/product_cat?post=56000"},{"taxonomy":"product_tag","embeddable":true,"href":"https:\/\/www.mathydy.com\/us\/wp-json\/wp\/v2\/product_tag?post=56000"}],"curies":[{"name":"wp","href":"https:\/\/api.w.org\/{rel}","templated":true}]}}