{"id":56001,"date":"2025-07-15T11:41:41","date_gmt":"2025-07-15T09:41:41","guid":{"rendered":"https:\/\/www.mathydy.com\/us\/produit\/behanzin-deluxe\/"},"modified":"2026-04-20T13:12:43","modified_gmt":"2026-04-20T11:12:43","slug":"behanzin-deluxe","status":"publish","type":"product","link":"https:\/\/www.mathydy.com\/us\/produit\/behanzin-deluxe\/","title":{"rendered":"B\u00e9hanzin deluxe"},"content":{"rendered":"","protected":false},"excerpt":{"rendered":"<p>[vc_row][vc_column][vc_tta_accordion c_position=\u00a0\u00bbright\u00a0\u00bb active_section=\u00a0\u00bb1&Prime;][vc_tta_section title=\u00a0\u00bbHistoire\u00a0\u00bb tab_id=\u00a0\u00bb1695211853429-aeebdfaa-ef94afb6-06ed\u00a0\u00bb][vc_column_text el_class=\u00a0\u00bbproduit\u00a0\u00bb]<span style=\"font-family: futuraptlight\">B\u00e9hanzin, roi d&rsquo;Abomey, est n\u00e9 en 1845 et meurt en 1906. Fils du roi Da-Da Gl\u00e8l\u00e8 Kini-Kini, il est d\u2019abord connu sous le nom d&rsquo;Ahokponu puis de prince Kondo \u00e0 partir de 1875. B\u00e9hanzin est consid\u00e9r\u00e9 comme un h\u00e9ros par nombre de B\u00e9ninois, c\u2019est un personnage incontournable et populaire de la m\u00e9moire collective nationale.<\/span>[\/vc_column_text][\/vc_tta_section][vc_tta_section title=\u00a0\u00bbD\u00e9scription\u00a0\u00bb tab_id=\u00a0\u00bb1695211853438-e824b518-1371afb6-06ed\u00a0\u00bb][vc_column_text el_class=\u00a0\u00bbproduit\u00a0\u00bb]<span style=\"font-family: futuraptlight\">Ce mod\u00e8le est un classique de la Collection Royalty. Les motifs Bogolan imprim\u00e9s sur un cadran blanc font de cette pi\u00e8ce une v\u00e9ritable \u0153uvre d\u2019art au poignet, parfaitement adapt\u00e9 \u00e0 un style d\u00e9contract\u00e9 mais aussi \u00e0 une tenue plus formelle.<\/span>[\/vc_column_text][\/vc_tta_section][vc_tta_section title=\u00a0\u00bbD\u00e9tails produit\u00a0\u00bb tab_id=\u00a0\u00bb1695211953421-e6b9358e-bf3eafb6-06ed\u00a0\u00bb][vc_column_text el_class=\u00a0\u00bbproduit\u00a0\u00bb]Mati\u00e8re du boitier: <strong>Acier inoxydable 316L<\/strong><\/p>\n<p>\u00c9paisseur du cadran: <strong>7 mm<\/strong><\/p>\n<p>Diam\u00e8tre: <strong>42 mm<\/strong><\/p>\n<p>Couleur: <strong>Argent<\/strong><\/p>\n<p>Mouvement: <strong>Mouvement \u00e0 quartz japonais<\/strong><\/p>\n<p>Mati\u00e8re du Bracelet: <strong>CUIR V\u00c9RITABLE<\/strong><\/p>\n<p>Couleur: <strong>marron<\/strong><\/p>\n<p>Type de bracelet: <strong>Interchangeable<\/strong><\/p>\n<p>Caract\u00e9ristique: <strong>R\u00e9sistant \u00e0 l\u2019eau \/ \u00e9tanch\u00e9it\u00e9 3 bar<\/strong>[\/vc_column_text][\/vc_tta_section][vc_tta_section title=\u00a0\u00bbLivraison\u00a0\u00bb tab_id=\u00a0\u00bb1695211927094-2f5841eb-a1b5afb6-06ed\u00a0\u00bb][vc_column_text]<span style=\"font-family: futuraptlight;color: #000000\"><span class=\"\" title=\"\">Nous exp\u00e9dions partout au S\u00e9n\u00e9gal, en Afrique, en Asie, en Europe et en Am\u00e9rique.<\/span> <span class=\"\" title=\"\">Vous pouvez payer en esp\u00e8ces \u00e0 la livraison au S\u00e9n\u00e9gal et par carte bancaire dans le monde entier.<\/span><\/span>[\/vc_column_text][\/vc_tta_section][\/vc_tta_accordion][\/vc_column][\/vc_row]<\/p>\n","protected":false},"featured_media":100000059570,"template":"","meta":[],"product_cat":[250,238,91,135,87],"product_tag":[],"class_list":{"0":"post-56001","1":"product","2":"type-product","3":"status-publish","4":"has-post-thumbnail","6":"product_cat-montre-fin-annee","7":"product_cat-royalty-deluxe","8":"product_cat-hommes","9":"product_cat-royalty-homme","10":"product_cat-montres","11":"pa_taille-42-mm","14":"outofstock","15":"featured","16":"taxable","17":"shipping-taxable","18":"purchasable","19":"product-type-simple"},"_links":{"self":[{"href":"https:\/\/www.mathydy.com\/us\/wp-json\/wp\/v2\/product\/56001"}],"collection":[{"href":"https:\/\/www.mathydy.com\/us\/wp-json\/wp\/v2\/product"}],"about":[{"href":"https:\/\/www.mathydy.com\/us\/wp-json\/wp\/v2\/types\/product"}],"wp:featuredmedia":[{"embeddable":true,"href":"https:\/\/www.mathydy.com\/us\/wp-json\/"}],"wp:attachment":[{"href":"https:\/\/www.mathydy.com\/us\/wp-json\/wp\/v2\/media?parent=56001"}],"wp:term":[{"taxonomy":"product_cat","embeddable":true,"href":"https:\/\/www.mathydy.com\/us\/wp-json\/wp\/v2\/product_cat?post=56001"},{"taxonomy":"product_tag","embeddable":true,"href":"https:\/\/www.mathydy.com\/us\/wp-json\/wp\/v2\/product_tag?post=56001"}],"curies":[{"name":"wp","href":"https:\/\/api.w.org\/{rel}","templated":true}]}}