{"id":56106,"date":"2025-09-11T14:42:27","date_gmt":"2025-09-11T12:42:27","guid":{"rendered":"https:\/\/www.mathydy.com\/us\/produit\/soundiata-deluxe\/"},"modified":"2026-03-31T12:47:57","modified_gmt":"2026-03-31T10:47:57","slug":"soundiata-deluxe","status":"publish","type":"product","link":"https:\/\/www.mathydy.com\/us\/produit\/soundiata-deluxe\/","title":{"rendered":"Soundiata deluxe"},"content":{"rendered":"","protected":false},"excerpt":{"rendered":"<p>[vc_row][vc_column][vc_tta_accordion c_position=\u00a0\u00bbright\u00a0\u00bb active_section=\u00a0\u00bb1&Prime;][vc_tta_section title=\u00a0\u00bbHistoire\u00a0\u00bb tab_id=\u00a0\u00bb1695211853429-aeebdfaa-ef94ea30-dcea\u00a0\u00bb][vc_column_text el_class=\u00a0\u00bbproduit\u00a0\u00bb]<span style=\"font-family: futuraptlight\">Soundjata Keita, ou Sogolon Diata Keita, est n\u00e9 le 20 ao\u00fbt 1190 \u00e0 Niani dans le Royaume du Manding et mort en 1255 dans la rivi\u00e8re de Sankarani. Fondateur de l\u2019Empire du Mali, son histoire est essentiellement connue \u00e0 travers une \u00e9pop\u00e9e aux tonalit\u00e9s l\u00e9gendaires racont\u00e9e de g\u00e9n\u00e9ration en g\u00e9n\u00e9ration jusqu\u2019\u00e0 nos jours par les griots. \u00a0<\/span>[\/vc_column_text][\/vc_tta_section][vc_tta_section title=\u00a0\u00bbD\u00e9scription\u00a0\u00bb tab_id=\u00a0\u00bb1695211853438-e824b518-1371ea30-dcea\u00a0\u00bb][vc_column_text el_class=\u00a0\u00bbproduit\u00a0\u00bb]<span style=\"font-family: futuraptlight\">Ce mod\u00e8le est un classique de la Collection Royalty. Il incarne le courage, la force et la d\u00e9termination de Soundiata. Le cuir noir de son bracelet et les couleurs chatoyantes des motifs de son cadran fait de cette montre un apparat id\u00e9al de tous les jours qui vous donnera confiance en vous et rendra votre style vestimentaire unique et audacieux.<\/span>[\/vc_column_text][\/vc_tta_section][vc_tta_section title=\u00a0\u00bbD\u00e9tails produit\u00a0\u00bb tab_id=\u00a0\u00bb1695211953421-e6b9358e-bf3eea30-dcea\u00a0\u00bb][vc_column_text el_class=\u00a0\u00bbproduit\u00a0\u00bb]Mati\u00e8re du bo\u00eetier: <b><span style=\"text-transform: uppercase\">Acier inoxydable 316L<\/span><\/b><\/p>\n<p>\u00c9paisseur du cadran: <b><span style=\"text-transform: uppercase\">7 mm<\/span><\/b><\/p>\n<p>Diam\u00e8tre: <b><span style=\"text-transform: uppercase\">40 mm<\/span><\/b><\/p>\n<p>Couleur du cadran: <b><span style=\"text-transform: uppercase\">Noir<\/span><\/b><\/p>\n<p>Couleur aiguille: <b><span style=\"text-transform: uppercase\">Dor\u00e9e<\/span><\/b><\/p>\n<p>Mouvement: <b><span style=\"text-transform: uppercase\">Mouvement \u00e0 quartz japonais<\/span><\/b><\/p>\n<p>Mati\u00e8re du Bracelet: <b><span style=\"text-transform: uppercase\">Cuir<\/span><\/b><\/p>\n<p>Couleur: <b><span style=\"text-transform: uppercase\">Noir<\/span><\/b>[\/vc_column_text][\/vc_tta_section][vc_tta_section title=\u00a0\u00bbLivraison\u00a0\u00bb tab_id=\u00a0\u00bb1695211927094-2f5841eb-a1b5ea30-dcea\u00a0\u00bb][vc_column_text]<span style=\"font-family: futuraptlight;color: #000000\"><span class=\"\" title=\"\">Nous exp\u00e9dions partout au S\u00e9n\u00e9gal, en Afrique, en Asie, en Europe et en Am\u00e9rique.<\/span> <span class=\"\" title=\"\">Vous pouvez payer en esp\u00e8ces \u00e0 la livraison au S\u00e9n\u00e9gal et par carte bancaire dans le monde entier.<\/span><\/span>[\/vc_column_text][\/vc_tta_section][\/vc_tta_accordion][\/vc_column][\/vc_row]<\/p>\n","protected":false},"featured_media":100000059943,"template":"","meta":[],"product_cat":[250,238,91,135,93],"product_tag":[],"class_list":{"0":"post-56106","1":"product","2":"type-product","3":"status-publish","4":"has-post-thumbnail","6":"product_cat-montre-fin-annee","7":"product_cat-royalty-deluxe","8":"product_cat-hommes","9":"product_cat-royalty-homme","10":"product_cat-nouveautes","11":"pa_taille-40-mm","14":"outofstock","15":"featured","16":"taxable","17":"shipping-taxable","18":"purchasable","19":"product-type-simple"},"_links":{"self":[{"href":"https:\/\/www.mathydy.com\/us\/wp-json\/wp\/v2\/product\/56106"}],"collection":[{"href":"https:\/\/www.mathydy.com\/us\/wp-json\/wp\/v2\/product"}],"about":[{"href":"https:\/\/www.mathydy.com\/us\/wp-json\/wp\/v2\/types\/product"}],"wp:featuredmedia":[{"embeddable":true,"href":"https:\/\/www.mathydy.com\/us\/wp-json\/"}],"wp:attachment":[{"href":"https:\/\/www.mathydy.com\/us\/wp-json\/wp\/v2\/media?parent=56106"}],"wp:term":[{"taxonomy":"product_cat","embeddable":true,"href":"https:\/\/www.mathydy.com\/us\/wp-json\/wp\/v2\/product_cat?post=56106"},{"taxonomy":"product_tag","embeddable":true,"href":"https:\/\/www.mathydy.com\/us\/wp-json\/wp\/v2\/product_tag?post=56106"}],"curies":[{"name":"wp","href":"https:\/\/api.w.org\/{rel}","templated":true}]}}