{"id":56107,"date":"2025-09-11T14:42:48","date_gmt":"2025-09-11T12:42:48","guid":{"rendered":"https:\/\/www.mathydy.com\/us\/produit\/lat-dior-deluxe\/"},"modified":"2026-02-11T13:34:46","modified_gmt":"2026-02-11T12:34:46","slug":"lat-dior-deluxe","status":"publish","type":"product","link":"https:\/\/www.mathydy.com\/us\/produit\/lat-dior-deluxe\/","title":{"rendered":"Lat Dior deluxe"},"content":{"rendered":"","protected":false},"excerpt":{"rendered":"<p>[vc_row][vc_column][vc_tta_accordion c_position=\u00a0\u00bbright\u00a0\u00bb active_section=\u00a0\u00bb1&Prime;][vc_tta_section title=\u00a0\u00bbHistoire\u00a0\u00bb tab_id=\u00a0\u00bb1695211853429-aeebdfaa-ef94a6f2-f412&Prime;][vc_column_text el_class=\u00a0\u00bbproduit\u00a0\u00bb]De son nom complet Lat Dior Ngon\u00e9 Latyr Diop, n\u00e9 en 1842 \u00e0 Keur Amadou Yalla et mort le 27 octobre 1886 \u00e0 la bataille de D\u00e9kheul\u00e9, est un membre de la noblesse wolof, <em>damel<\/em>\u00a0du\u00a0Cayor de 1871 \u00e0 1883, g\u00e9n\u00e9ralement consid\u00e9r\u00e9 comme une figure embl\u00e9matique de l&rsquo;histoire du S\u00e9n\u00e9gal. Conscient des enjeux pour le royaume du Cayor, Lat Dior s&rsquo;est farouchement oppos\u00e9 \u00e0 la mise en place d&rsquo;une liaison ferroviaire entre Dakar et Saint-Louis\u00a0et \u00e0 l&rsquo;implantation de l&rsquo;arachide. Apr\u00e8s une s\u00e9rie d&rsquo;affrontements sanglants avec les troupes de\u00a0Faidherbe\u00a0et de\u00a0Pinet-Laprade, mais aussi quelques alliances ponctuelles, il a men\u00e9 un dernier combat sans espoir \u00e0 D\u00e9khel\u00e9\u00a0et y a laiss\u00e9 la vie le\u00a027\u00a0octobre\u00a01886.[\/vc_column_text][\/vc_tta_section][vc_tta_section title=\u00a0\u00bbD\u00e9scription\u00a0\u00bb tab_id=\u00a0\u00bb1695211853438-e824b518-1371a6f2-f412&Prime;][vc_column_text el_class=\u00a0\u00bbproduit\u00a0\u00bb]<\/p>\n<p style=\"text-align: justify\">Ce model refl\u00e8te le courage, la force et la d\u00e9termination. Son cuir marron qui fait ressortir les belles couleurs de ce tissu africain rend hommage \u00e0 un de nos rois les plus courageux du S\u00e9n\u00e9gal. Elle vous donnera confiance en vous et surtout rendra votre style unique et audacieux.<\/p>\n<p>[\/vc_column_text][\/vc_tta_section][vc_tta_section title=\u00a0\u00bbD\u00e9tails produit\u00a0\u00bb tab_id=\u00a0\u00bb1695211953421-e6b9358e-bf3ea6f2-f412&Prime;][vc_column_text el_class=\u00a0\u00bbproduit\u00a0\u00bb]Mati\u00e8re du boitier: <b><span style=\"text-transform: uppercase\">Acier inoxydable 316L<\/span><\/b><\/p>\n<p>\u00c9paisseur du cadran: <b><span style=\"text-transform: uppercase\">7 mm<\/span><\/b><\/p>\n<p>Diam\u00e8tre: <b><span style=\"text-transform: uppercase\">40 mm<\/span><\/b><\/p>\n<p>Couleur du cadran: <b><span style=\"text-transform: uppercase\">Noir<\/span><\/b><\/p>\n<p>Couleur aiguille: <b><span style=\"text-transform: uppercase\">Dor\u00e9e<\/span><\/b><\/p>\n<p>Mouvement: <b><span style=\"text-transform: uppercase\">Mouvement \u00e0 quartz japonais<\/span><\/b><\/p>\n<p>Mati\u00e8re du Bracelet: <b><span style=\"text-transform: uppercase\">Cuir<\/span><\/b><\/p>\n<p>Couleur: <b><span style=\"text-transform: uppercase\">Marron<\/span><\/b><\/p>\n<p>Type de bracelet: <b><span style=\"text-transform: uppercase\">Interchangeable<\/span><\/b><\/p>\n<p>Caract\u00e9ristique: <b><span style=\"text-transform: uppercase\">R\u00e9sistant \u00e0 l\u2019eau \/ \u00e9tanch\u00e9it\u00e9 3 bar<\/span><\/b>[\/vc_column_text][\/vc_tta_section][vc_tta_section title=\u00a0\u00bbLivraison\u00a0\u00bb tab_id=\u00a0\u00bb1695211927094-2f5841eb-a1b5a6f2-f412&Prime;][vc_column_text]<span style=\"font-family: futuraptlight;color: #000000\"><span class=\"\" title=\"\">Nous exp\u00e9dions partout au S\u00e9n\u00e9gal, en Afrique, en Asie, en Europe et en Am\u00e9rique.<\/span> <span class=\"\" title=\"\">Vous pouvez payer en esp\u00e8ces \u00e0 la livraison au S\u00e9n\u00e9gal et par carte bancaire dans le monde entier.<\/span><\/span>[\/vc_column_text][\/vc_tta_section][\/vc_tta_accordion][\/vc_column][\/vc_row]<\/p>\n","protected":false},"featured_media":100000059942,"template":"","meta":[],"product_cat":[250,238,91,135,93],"product_tag":[],"class_list":{"0":"post-56107","1":"product","2":"type-product","3":"status-publish","4":"has-post-thumbnail","6":"product_cat-montre-fin-annee","7":"product_cat-royalty-deluxe","8":"product_cat-hommes","9":"product_cat-royalty-homme","10":"product_cat-nouveautes","11":"pa_taille-40-mm","14":"outofstock","15":"featured","16":"taxable","17":"shipping-taxable","18":"purchasable","19":"product-type-simple"},"_links":{"self":[{"href":"https:\/\/www.mathydy.com\/us\/wp-json\/wp\/v2\/product\/56107"}],"collection":[{"href":"https:\/\/www.mathydy.com\/us\/wp-json\/wp\/v2\/product"}],"about":[{"href":"https:\/\/www.mathydy.com\/us\/wp-json\/wp\/v2\/types\/product"}],"wp:featuredmedia":[{"embeddable":true,"href":"https:\/\/www.mathydy.com\/us\/wp-json\/"}],"wp:attachment":[{"href":"https:\/\/www.mathydy.com\/us\/wp-json\/wp\/v2\/media?parent=56107"}],"wp:term":[{"taxonomy":"product_cat","embeddable":true,"href":"https:\/\/www.mathydy.com\/us\/wp-json\/wp\/v2\/product_cat?post=56107"},{"taxonomy":"product_tag","embeddable":true,"href":"https:\/\/www.mathydy.com\/us\/wp-json\/wp\/v2\/product_tag?post=56107"}],"curies":[{"name":"wp","href":"https:\/\/api.w.org\/{rel}","templated":true}]}}