{"id":56175,"date":"2025-11-11T12:19:03","date_gmt":"2025-11-11T11:19:03","guid":{"rendered":"https:\/\/www.mathydy.com\/us\/produit\/mansa-musa-deluxe-et-lamine\/"},"modified":"2025-12-03T12:14:12","modified_gmt":"2025-12-03T11:14:12","slug":"mansa-musa-deluxe-et-lamine","status":"publish","type":"product","link":"https:\/\/www.mathydy.com\/us\/produit\/mansa-musa-deluxe-et-lamine\/","title":{"rendered":"Mansa Musa deluxe et lamine"},"content":{"rendered":"","protected":false},"excerpt":{"rendered":"<p>[vc_row][vc_column][vc_tta_accordion c_position=\u00a0\u00bbright\u00a0\u00bb active_section=\u00a0\u00bb1&Prime;][vc_tta_section title=\u00a0\u00bbD\u00e9scription\u00a0\u00bb tab_id=\u00a0\u00bb1695211853438-e824b518-13714e8d-857f\u00a0\u00bb][vc_column_text el_class=\u00a0\u00bbproduit\u00a0\u00bb]Cette bo\u00eete contient notre montre Mansa Musa deluxe . Emball\u00e9 aux c\u00f4t\u00e9s de notre bracelet lamine couleur noir.[\/vc_column_text][\/vc_tta_section][vc_tta_section title=\u00a0\u00bbLivraison\u00a0\u00bb tab_id=\u00a0\u00bb1695211927094-2f5841eb-a1b54e8d-857f\u00a0\u00bb][vc_column_text]<span style=\"font-family: futuraptlight;color: #000000\"><span class=\"\" title=\"\">Nous exp\u00e9dions partout au S\u00e9n\u00e9gal, en Afrique, en Asie, en Europe et en Am\u00e9rique.<\/span> <span class=\"\" title=\"\">Vous pouvez payer en esp\u00e8ces \u00e0 la livraison au S\u00e9n\u00e9gal et par carte bancaire dans le monde entier.<\/span><\/span>[\/vc_column_text][\/vc_tta_section][\/vc_tta_accordion][\/vc_column][\/vc_row]<\/p>\n","protected":false},"featured_media":100000060572,"template":"","meta":[],"product_cat":[191,193],"product_tag":[],"class_list":{"0":"post-56175","1":"product","2":"type-product","3":"status-publish","4":"has-post-thumbnail","6":"product_cat-coffrets","7":"product_cat-coffrets-hommes","10":"outofstock","11":"taxable","12":"shipping-taxable","13":"purchasable","14":"product-type-simple"},"_links":{"self":[{"href":"https:\/\/www.mathydy.com\/us\/wp-json\/wp\/v2\/product\/56175"}],"collection":[{"href":"https:\/\/www.mathydy.com\/us\/wp-json\/wp\/v2\/product"}],"about":[{"href":"https:\/\/www.mathydy.com\/us\/wp-json\/wp\/v2\/types\/product"}],"wp:featuredmedia":[{"embeddable":true,"href":"https:\/\/www.mathydy.com\/us\/wp-json\/"}],"wp:attachment":[{"href":"https:\/\/www.mathydy.com\/us\/wp-json\/wp\/v2\/media?parent=56175"}],"wp:term":[{"taxonomy":"product_cat","embeddable":true,"href":"https:\/\/www.mathydy.com\/us\/wp-json\/wp\/v2\/product_cat?post=56175"},{"taxonomy":"product_tag","embeddable":true,"href":"https:\/\/www.mathydy.com\/us\/wp-json\/wp\/v2\/product_tag?post=56175"}],"curies":[{"name":"wp","href":"https:\/\/api.w.org\/{rel}","templated":true}]}}