{"id":56277,"date":"2025-12-24T14:56:35","date_gmt":"2025-12-24T13:56:35","guid":{"rendered":"https:\/\/www.mathydy.com\/us\/?post_type=product&#038;p=56277"},"modified":"2026-04-24T16:46:24","modified_gmt":"2026-04-24T14:46:24","slug":"petite-kine-lam","status":"publish","type":"product","link":"https:\/\/www.mathydy.com\/us\/produit\/petite-kine-lam\/","title":{"rendered":"petite Kin\u00e9 Lam Mini"},"content":{"rendered":"","protected":false},"excerpt":{"rendered":"<p>[vc_row][vc_column][vc_tta_accordion c_position=\u00a0\u00bbright\u00a0\u00bb active_section=\u00a0\u00bb1&Prime;][vc_tta_section title=\u00a0\u00bbHistoire\u00a0\u00bb tab_id=\u00a0\u00bb1695211853429-aeebdfaa-ef945f10-8a8b\u00a0\u00bb][vc_column_text el_class=\u00a0\u00bbproduit\u00a0\u00bb]<span style=\"font-family: futuraptlight\">La c\u00e9l\u00e8bre Kin\u00e9 Lam d\u00e9bute en 1977, apr\u00e8s un d\u00e9tour par le th\u00e9\u00e2tre elle fonde en 89 le groupe Kaggu et enregistre l`album \u00ab\u00a0Cheick Anta Mback\u00e9\u00a0\u00bb qui fait d\u00e9marrer son succ\u00e8s international.<\/span><br \/>\n<span style=\"font-family: futuraptlight\">Kin\u00e9 Lam a \u00e9t\u00e9 \u00e9lue trois fois meilleure chanteuse du S\u00e9n\u00e9gal et enregistre de nombreux albums. Fin 2003 elle a sorti \u00ab\u00a0Cey Geer\u00a0\u00bb, sa 17\u00e8me cassette, au style plus traditionnel en hommage aux griots d\u2019autrefois.<\/span>[\/vc_column_text][\/vc_tta_section][vc_tta_section title=\u00a0\u00bbD\u00e9tails produit\u00a0\u00bb tab_id=\u00a0\u00bb1695211953421-e6b9358e-bf3e5f10-8a8b\u00a0\u00bb][vc_column_text el_class=\u00a0\u00bbproduit\u00a0\u00bb]<span style=\"font-family: futuraptlight\">Tissu 100% cuir<\/span><\/p>\n<p><span style=\"font-family: futuraptlight\">Hauteur : 20cm<\/span><br \/>\n<span style=\"font-family: futuraptlight\">Longueur :15cm<\/span>[\/vc_column_text][\/vc_tta_section][vc_tta_section title=\u00a0\u00bbLivraison\u00a0\u00bb tab_id=\u00a0\u00bb1695211927094-2f5841eb-a1b55f10-8a8b\u00a0\u00bb][vc_column_text el_class=\u00a0\u00bbproduit\u00a0\u00bb]<span style=\"font-family: futuraptlight\">Livraison disponible o\u00f9 que vous soyez. Paiement par carte bancaire, mobile money ou en esp\u00e8ces \u00e0 la livraison disponible. Aucun retour, changement de pi\u00e8ce ou remboursement n\u2019est possible apr\u00e8s livraison et r\u00e9ception. Le sac n\u2019est soumis aucune garantie en cas d\u2019usure ou de dommage accidentel ou volontaire.<\/span>[\/vc_column_text][\/vc_tta_section][\/vc_tta_accordion][\/vc_column][\/vc_row]<\/p>\n","protected":false},"featured_media":100000062109,"template":"","meta":[],"product_cat":[254,97,100],"product_tag":[],"class_list":{"0":"post-56277","1":"product","2":"type-product","3":"status-publish","4":"has-post-thumbnail","6":"product_cat-petite-icone","7":"product_cat-collection-sac","8":"product_cat-sac-a-mains","11":"instock","12":"taxable","13":"shipping-taxable","14":"purchasable","15":"product-type-simple"},"_links":{"self":[{"href":"https:\/\/www.mathydy.com\/us\/wp-json\/wp\/v2\/product\/56277"}],"collection":[{"href":"https:\/\/www.mathydy.com\/us\/wp-json\/wp\/v2\/product"}],"about":[{"href":"https:\/\/www.mathydy.com\/us\/wp-json\/wp\/v2\/types\/product"}],"wp:featuredmedia":[{"embeddable":true,"href":"https:\/\/www.mathydy.com\/us\/wp-json\/"}],"wp:attachment":[{"href":"https:\/\/www.mathydy.com\/us\/wp-json\/wp\/v2\/media?parent=56277"}],"wp:term":[{"taxonomy":"product_cat","embeddable":true,"href":"https:\/\/www.mathydy.com\/us\/wp-json\/wp\/v2\/product_cat?post=56277"},{"taxonomy":"product_tag","embeddable":true,"href":"https:\/\/www.mathydy.com\/us\/wp-json\/wp\/v2\/product_tag?post=56277"}],"curies":[{"name":"wp","href":"https:\/\/api.w.org\/{rel}","templated":true}]}}