{"id":56278,"date":"2025-12-24T15:15:49","date_gmt":"2025-12-24T14:15:49","guid":{"rendered":"https:\/\/www.mathydy.com\/us\/produit\/petite-cesaria-evora\/"},"modified":"2026-04-14T14:34:28","modified_gmt":"2026-04-14T12:34:28","slug":"petite-cesaria-evora","status":"publish","type":"product","link":"https:\/\/www.mathydy.com\/us\/produit\/petite-cesaria-evora\/","title":{"rendered":"Petite Ces\u00e1ria \u00e9vora"},"content":{"rendered":"","protected":false},"excerpt":{"rendered":"<p>[vc_row][vc_column][vc_tta_accordion c_position=\u00a0\u00bbright\u00a0\u00bb active_section=\u00a0\u00bb1&Prime;][vc_tta_section title=\u00a0\u00bbHistoire\u00a0\u00bb tab_id=\u00a0\u00bb1695211853429-aeebdfaa-ef9426a2-f07e\u00a0\u00bb][vc_column_text el_class=\u00a0\u00bbproduit\u00a0\u00bb]<span style=\"font-family: futuraptlight\">Ces\u00e1ria \u00c9vora, n\u00e9e le 27 ao\u00fbt 1941 \u00e0 Mindelo au Cap-Vert et morte le 17 d\u00e9cembre 2011 au m\u00eame endroit, est une chanteuse de morna coladeira cap-verdienne. Surnomm\u00e9e la \u00ab Diva aux pieds nus \u00bb, elle le doit \u00e0 son habitude \u00e0 se produire pieds nus sur sc\u00e8ne.<\/span>[\/vc_column_text][\/vc_tta_section][vc_tta_section title=\u00a0\u00bbD\u00e9tails produit\u00a0\u00bb tab_id=\u00a0\u00bb1695211953421-e6b9358e-bf3e26a2-f07e\u00a0\u00bb][vc_column_text el_class=\u00a0\u00bbproduit\u00a0\u00bb]<span style=\"font-family: futuraptlight\">Tissu 100% cuir.<\/span><\/p>\n<p><span style=\"font-family: futuraptlight\">Hauteur : 20cm<\/span><br \/>\n<span style=\"font-family: futuraptlight\">Longueur :15cm[\/vc_column_text][\/vc_tta_section][vc_tta_section title=\u00a0\u00bbLivraison\u00a0\u00bb tab_id=\u00a0\u00bb1695211927094-2f5841eb-a1b526a2-f07e\u00a0\u00bb][vc_column_text el_class=\u00a0\u00bbproduit\u00a0\u00bb]Livraison disponible o\u00f9 que vous soyez. Paiement par carte bancaire, mobile money ou en esp\u00e8ces \u00e0 la livraison disponible. Aucun retour, changement de pi\u00e8ce ou remboursement n\u2019est possible apr\u00e8s livraison et r\u00e9ception. Le sac n\u2019est soumis aucune garantie en cas d\u2019usure ou de dommage accidentel ou volontaire.[\/vc_column_text][\/vc_tta_section][\/vc_tta_accordion][\/vc_column][\/vc_row]<\/span><\/p>\n","protected":false},"featured_media":100000061092,"template":"","meta":[],"product_cat":[254,97],"product_tag":[],"class_list":{"0":"post-56278","1":"product","2":"type-product","3":"status-publish","4":"has-post-thumbnail","6":"product_cat-petite-icone","7":"product_cat-collection-sac","10":"instock","11":"taxable","12":"shipping-taxable","13":"purchasable","14":"product-type-simple"},"_links":{"self":[{"href":"https:\/\/www.mathydy.com\/us\/wp-json\/wp\/v2\/product\/56278"}],"collection":[{"href":"https:\/\/www.mathydy.com\/us\/wp-json\/wp\/v2\/product"}],"about":[{"href":"https:\/\/www.mathydy.com\/us\/wp-json\/wp\/v2\/types\/product"}],"wp:featuredmedia":[{"embeddable":true,"href":"https:\/\/www.mathydy.com\/us\/wp-json\/"}],"wp:attachment":[{"href":"https:\/\/www.mathydy.com\/us\/wp-json\/wp\/v2\/media?parent=56278"}],"wp:term":[{"taxonomy":"product_cat","embeddable":true,"href":"https:\/\/www.mathydy.com\/us\/wp-json\/wp\/v2\/product_cat?post=56278"},{"taxonomy":"product_tag","embeddable":true,"href":"https:\/\/www.mathydy.com\/us\/wp-json\/wp\/v2\/product_tag?post=56278"}],"curies":[{"name":"wp","href":"https:\/\/api.w.org\/{rel}","templated":true}]}}