{"id":56280,"date":"2025-12-24T15:15:40","date_gmt":"2025-12-24T14:15:40","guid":{"rendered":"https:\/\/www.mathydy.com\/us\/produit\/petite-aicha-kone\/"},"modified":"2026-01-14T11:36:44","modified_gmt":"2026-01-14T10:36:44","slug":"petite-aicha-kone","status":"publish","type":"product","link":"https:\/\/www.mathydy.com\/us\/produit\/petite-aicha-kone\/","title":{"rendered":"Petite Aicha kone"},"content":{"rendered":"","protected":false},"excerpt":{"rendered":"<p>[vc_row][vc_column][vc_tta_accordion c_position=\u00a0\u00bbright\u00a0\u00bb active_section=\u00a0\u00bb1&Prime;][vc_tta_section title=\u00a0\u00bbHistoire\u00a0\u00bb tab_id=\u00a0\u00bb1695211853429-aeebdfaa-ef9426a2-f07e\u00a0\u00bb][vc_column_text el_class=\u00a0\u00bbproduit\u00a0\u00bb]<span style=\"font-family: futuraptlight\">A\u00efcha Kon\u00e9, originaire de la Bagou\u00e9 pr\u00e9cis\u00e9ment \u00e0, est une chanteuse ivoirienne n\u00e9e le 21 mai 1957 \u00e0 Abidjan, et dont de nombreux textes de ses chansons sont en S\u00e9noufo ou en malink\u00e9.<\/span>[\/vc_column_text][\/vc_tta_section][vc_tta_section title=\u00a0\u00bbD\u00e9tails produit\u00a0\u00bb tab_id=\u00a0\u00bb1695211953421-e6b9358e-bf3e26a2-f07e\u00a0\u00bb][vc_column_text el_class=\u00a0\u00bbproduit\u00a0\u00bb]<span style=\"font-family: futuraptlight\">Tissu 100% cuir.<\/span><\/p>\n<p><span style=\"font-family: futuraptlight\">Hauteur : 20cm<\/span><br \/>\n<span style=\"font-family: futuraptlight\">Longueur :15cm[\/vc_column_text][\/vc_tta_section][vc_tta_section title=\u00a0\u00bbLivraison\u00a0\u00bb tab_id=\u00a0\u00bb1695211927094-2f5841eb-a1b526a2-f07e\u00a0\u00bb][vc_column_text el_class=\u00a0\u00bbproduit\u00a0\u00bb]Livraison disponible o\u00f9 que vous soyez. Paiement par carte bancaire, mobile money ou en esp\u00e8ces \u00e0 la livraison disponible. Aucun retour, changement de pi\u00e8ce ou remboursement n\u2019est possible apr\u00e8s livraison et r\u00e9ception. Le sac n\u2019est soumis aucune garantie en cas d\u2019usure ou de dommage accidentel ou volontaire.[\/vc_column_text][\/vc_tta_section][\/vc_tta_accordion][\/vc_column][\/vc_row]<\/span><\/p>\n","protected":false},"featured_media":100000061086,"template":"","meta":[],"product_cat":[254,97,100],"product_tag":[],"class_list":{"0":"post-56280","1":"product","2":"type-product","3":"status-publish","4":"has-post-thumbnail","6":"product_cat-petite-icone","7":"product_cat-collection-sac","8":"product_cat-sac-a-mains","11":"instock","12":"taxable","13":"shipping-taxable","14":"purchasable","15":"product-type-simple"},"_links":{"self":[{"href":"https:\/\/www.mathydy.com\/us\/wp-json\/wp\/v2\/product\/56280"}],"collection":[{"href":"https:\/\/www.mathydy.com\/us\/wp-json\/wp\/v2\/product"}],"about":[{"href":"https:\/\/www.mathydy.com\/us\/wp-json\/wp\/v2\/types\/product"}],"wp:featuredmedia":[{"embeddable":true,"href":"https:\/\/www.mathydy.com\/us\/wp-json\/"}],"wp:attachment":[{"href":"https:\/\/www.mathydy.com\/us\/wp-json\/wp\/v2\/media?parent=56280"}],"wp:term":[{"taxonomy":"product_cat","embeddable":true,"href":"https:\/\/www.mathydy.com\/us\/wp-json\/wp\/v2\/product_cat?post=56280"},{"taxonomy":"product_tag","embeddable":true,"href":"https:\/\/www.mathydy.com\/us\/wp-json\/wp\/v2\/product_tag?post=56280"}],"curies":[{"name":"wp","href":"https:\/\/api.w.org\/{rel}","templated":true}]}}