{"id":56335,"date":"2026-02-12T09:40:38","date_gmt":"2026-02-12T08:40:38","guid":{"rendered":"https:\/\/www.mathydy.com\/us\/produit\/shaka-zulu-deluxe-et-neffertiti-28-mm\/"},"modified":"2026-03-24T20:19:33","modified_gmt":"2026-03-24T19:19:33","slug":"shaka-zulu-deluxe-et-neffertiti-28-mm","status":"publish","type":"product","link":"https:\/\/www.mathydy.com\/us\/produit\/shaka-zulu-deluxe-et-neffertiti-28-mm\/","title":{"rendered":"shaka Zulu deluxe et neffertiti 28 mm"},"content":{"rendered":"","protected":false},"excerpt":{"rendered":"<p>[vc_row][vc_column][vc_tta_accordion c_position=\u00a0\u00bbright\u00a0\u00bb active_section=\u00a0\u00bb1&Prime;][vc_tta_section title=\u00a0\u00bbD\u00e9scription\u00a0\u00bb tab_id=\u00a0\u00bb1695211853438-e824b518-13714e8d-857f\u00a0\u00bb][vc_column_text el_class=\u00a0\u00bbproduit\u00a0\u00bb]<span style=\"font-family: futuraptlight\">Le\u00a0 coffret\u00a0 propose notre signature unique de montre neffertiti 28 mm. Assis sur le tr\u00f4ne avec notre montre Shaka Zulu deluxe d\u00e9di\u00e9e aux hommes qui ont l\u2019\u00e9tat d\u2019esprit du conqu\u00e9rant. Cette bo\u00eete est destin\u00e9e aux couples de haut rang de la soci\u00e9t\u00e9. Ceux qui cherchent \u00e0 \u00eatre un couple puissant et qui cherchent non seulement \u00e0 vivre l\u2019amour.<\/span>[\/vc_column_text][\/vc_tta_section][vc_tta_section title=\u00a0\u00bbLivraison\u00a0\u00bb tab_id=\u00a0\u00bb1695211927094-2f5841eb-a1b54e8d-857f\u00a0\u00bb][vc_column_text]<span style=\"font-family: futuraptlight;color: #000000\"><span class=\"\" title=\"\">Nous exp\u00e9dions partout au S\u00e9n\u00e9gal, en Afrique, en Asie, en Europe et en Am\u00e9rique.<\/span> <span class=\"\" title=\"\">Vous pouvez payer en esp\u00e8ces \u00e0 la livraison au S\u00e9n\u00e9gal et par carte bancaire dans le monde entier.<\/span><\/span>[\/vc_column_text][\/vc_tta_section][\/vc_tta_accordion][\/vc_column][\/vc_row]<\/p>\n","protected":false},"featured_media":100000061561,"template":"","meta":[],"product_cat":[253,191,192],"product_tag":[],"class_list":{"0":"post-56335","1":"product","2":"type-product","3":"status-publish","4":"has-post-thumbnail","6":"product_cat-coffret-fin-annee","7":"product_cat-coffrets","8":"product_cat-coffrets-couples","11":"instock","12":"taxable","13":"shipping-taxable","14":"purchasable","15":"product-type-simple"},"_links":{"self":[{"href":"https:\/\/www.mathydy.com\/us\/wp-json\/wp\/v2\/product\/56335"}],"collection":[{"href":"https:\/\/www.mathydy.com\/us\/wp-json\/wp\/v2\/product"}],"about":[{"href":"https:\/\/www.mathydy.com\/us\/wp-json\/wp\/v2\/types\/product"}],"wp:featuredmedia":[{"embeddable":true,"href":"https:\/\/www.mathydy.com\/us\/wp-json\/"}],"wp:attachment":[{"href":"https:\/\/www.mathydy.com\/us\/wp-json\/wp\/v2\/media?parent=56335"}],"wp:term":[{"taxonomy":"product_cat","embeddable":true,"href":"https:\/\/www.mathydy.com\/us\/wp-json\/wp\/v2\/product_cat?post=56335"},{"taxonomy":"product_tag","embeddable":true,"href":"https:\/\/www.mathydy.com\/us\/wp-json\/wp\/v2\/product_tag?post=56335"}],"curies":[{"name":"wp","href":"https:\/\/api.w.org\/{rel}","templated":true}]}}