{"id":56387,"date":"2026-04-24T16:40:45","date_gmt":"2026-04-24T14:40:45","guid":{"rendered":"https:\/\/www.mathydy.com\/us\/produit\/petite-mariama-ba\/"},"modified":"2026-04-24T16:46:24","modified_gmt":"2026-04-24T14:46:24","slug":"petite-mariama-ba","status":"publish","type":"product","link":"https:\/\/www.mathydy.com\/us\/produit\/petite-mariama-ba\/","title":{"rendered":"petite Mariama B\u00e2"},"content":{"rendered":"","protected":false},"excerpt":{"rendered":"<p>[vc_row][vc_column][vc_tta_accordion c_position=\u00a0\u00bbright\u00a0\u00bb active_section=\u00a0\u00bb1&Prime;][vc_tta_section title=\u00a0\u00bbHistoire\u00a0\u00bb tab_id=\u00a0\u00bb1695211853429-aeebdfaa-ef9426a2-f07e\u00a0\u00bb][vc_column_text el_class=\u00a0\u00bbproduit\u00a0\u00bb]<strong>Mariama B\u00e2<\/strong> (1929 &#8211; 1981) est l&rsquo;une des pionni\u00e8re de la litt\u00e9rature S\u00e9n\u00e9galaise.\u00a0Elle est rendue c\u00e9l\u00e9bre gr\u00e2ce \u00e0 son \u0153uvre <a href=\"https:\/\/fr.wikipedia.org\/wiki\/Une_si_longue_lettre\">\u00a0\u00bb Une si longue lettre\u00a0\u00bb<\/a> qui est son premier roman publi\u00e9 en 1979.[\/vc_column_text][\/vc_tta_section][vc_tta_section title=\u00a0\u00bbD\u00e9tails produit\u00a0\u00bb tab_id=\u00a0\u00bb1695211953421-e6b9358e-bf3e26a2-f07e\u00a0\u00bb][vc_column_text el_class=\u00a0\u00bbproduit\u00a0\u00bb]<span style=\"font-family: futuraptlight\">Tissu 100% cuir.<\/span><\/p>\n<p><span style=\"font-family: futuraptlight\">Hauteur : 20cm<\/span><br \/>\n<span style=\"font-family: futuraptlight\">Largeur :15cm[\/vc_column_text][\/vc_tta_section][vc_tta_section title=\u00a0\u00bbLivraison\u00a0\u00bb tab_id=\u00a0\u00bb1695211927094-2f5841eb-a1b526a2-f07e\u00a0\u00bb][vc_column_text el_class=\u00a0\u00bbproduit\u00a0\u00bb]Livraison disponible o\u00f9 que vous soyez. Paiement par carte bancaire, mobile money ou en esp\u00e8ces \u00e0 la livraison disponible. Aucun retour, changement de pi\u00e8ce ou remboursement n\u2019est possible apr\u00e8s livraison et r\u00e9ception. Le sac n\u2019est soumis aucune garantie en cas d\u2019usure ou de dommage accidentel ou volontaire.[\/vc_column_text][\/vc_tta_section][\/vc_tta_accordion][\/vc_column][\/vc_row]<\/span><\/p>\n","protected":false},"featured_media":100000062113,"template":"","meta":[],"product_cat":[254,97,101,100],"product_tag":[],"class_list":{"0":"post-56387","1":"product","2":"type-product","3":"status-publish","4":"has-post-thumbnail","6":"product_cat-petite-icone","7":"product_cat-collection-sac","8":"product_cat-home-sacs","9":"product_cat-sac-a-mains","12":"instock","13":"taxable","14":"shipping-taxable","15":"purchasable","16":"product-type-simple"},"_links":{"self":[{"href":"https:\/\/www.mathydy.com\/us\/wp-json\/wp\/v2\/product\/56387"}],"collection":[{"href":"https:\/\/www.mathydy.com\/us\/wp-json\/wp\/v2\/product"}],"about":[{"href":"https:\/\/www.mathydy.com\/us\/wp-json\/wp\/v2\/types\/product"}],"wp:featuredmedia":[{"embeddable":true,"href":"https:\/\/www.mathydy.com\/us\/wp-json\/"}],"wp:attachment":[{"href":"https:\/\/www.mathydy.com\/us\/wp-json\/wp\/v2\/media?parent=56387"}],"wp:term":[{"taxonomy":"product_cat","embeddable":true,"href":"https:\/\/www.mathydy.com\/us\/wp-json\/wp\/v2\/product_cat?post=56387"},{"taxonomy":"product_tag","embeddable":true,"href":"https:\/\/www.mathydy.com\/us\/wp-json\/wp\/v2\/product_tag?post=56387"}],"curies":[{"name":"wp","href":"https:\/\/api.w.org\/{rel}","templated":true}]}}