{"id":56393,"date":"2026-05-07T12:30:59","date_gmt":"2026-05-07T10:30:59","guid":{"rendered":"https:\/\/www.mathydy.com\/us\/produit\/marie-kore\/"},"modified":"2026-05-08T11:06:28","modified_gmt":"2026-05-08T09:06:28","slug":"marie-kore","status":"publish","type":"product","link":"https:\/\/www.mathydy.com\/us\/produit\/marie-kore\/","title":{"rendered":"Marie kor\u00e9"},"content":{"rendered":"","protected":false},"excerpt":{"rendered":"<p>[vc_row][vc_column][vc_tta_accordion c_position=\u00a0\u00bbright\u00a0\u00bb active_section=\u00a0\u00bb1&Prime;][vc_tta_section title=\u00a0\u00bbHistoire\u00a0\u00bb tab_id=\u00a0\u00bb1695211853429-aeebdfaa-ef94e99e-957b\u00a0\u00bb][vc_column_text el_class=\u00a0\u00bbproduit\u00a0\u00bb]Marie Kor\u00e9, n\u00e9e en 1912 et morte en 1953, est une militante de l&rsquo;ind\u00e9pendance de la C\u00f4te d&rsquo;Ivoire. C&rsquo;est une femme politique du Parti d\u00e9mocratique de C\u00f4te d&rsquo;Ivoire-Rassemblement d\u00e9mocratique africain et une entrepreneure. Marie Kor\u00e9\u00a0a uni les femmes dans la lutte pour la lib\u00e9ration des prisonniers politiques dans les ann\u00e9es 1940.[\/vc_column_text][\/vc_tta_section][vc_tta_section title=\u00a0\u00bbD\u00e9scription\u00a0\u00bb tab_id=\u00a0\u00bb1695211853438-e824b518-1371e99e-957b\u00a0\u00bb][vc_column_text el_class=\u00a0\u00bbproduit\u00a0\u00bb]Dans cette collection la Marie Kor\u00e9 est le mod\u00e8le\u00a0qu\u2019il vous faut si vous pr\u00e9f\u00e9rez y aller avec un plus de\u00a0sobri\u00e9t\u00e9. Le bracelet et le cadran en argent\u00e9 font de cette montre un passe partout qui s\u2019allie avec toutes vos tenues. Agr\u00e9ment\u00e9e de ses couleurs vives, restez sobre mais sophistiqu\u00e9e.[\/vc_column_text][\/vc_tta_section][vc_tta_section title=\u00a0\u00bbD\u00e9tails produit\u00a0\u00bb tab_id=\u00a0\u00bb1695211953421-e6b9358e-bf3ee99e-957b\u00a0\u00bb][vc_column_text el_class=\u00a0\u00bbproduit\u00a0\u00bb]Mati\u00e8re du boitier: Acier inoxydable 316L<\/p>\n<p>\u00c9paisseur du cadran :\u00a0\u00a0 7 mm<\/p>\n<p>Diam\u00e8tre:\u00a0 40 mm<\/p>\n<p>Couleur:\u00a0gold<\/p>\n<p>Mouvement :\u00a0 Mouvement \u00e0 quartz japonais<\/p>\n<p>Mati\u00e8re du Bracelet :\u00a0 acier inoxydable<\/p>\n<p>Couleur:\u00a0 Jaune<\/p>\n<p>Type de bracelet: Interchangeable<\/p>\n<p>Caract\u00e9ristique:\u00a0 R\u00e9sistant a l\u2019eau \/ \u00e9tanch\u00e9it\u00e9 3 bar[\/vc_column_text][\/vc_tta_section][vc_tta_section title=\u00a0\u00bbLivraison\u00a0\u00bb tab_id=\u00a0\u00bb1695211927094-2f5841eb-a1b5e99e-957b\u00a0\u00bb][vc_column_text]Nous exp\u00e9dions partout au S\u00e9n\u00e9gal, en Afrique, en Asie, en Europe et en Am\u00e9rique. Vous pouvez payer en esp\u00e8ces \u00e0 la livraison au S\u00e9n\u00e9gal et par carte bancaire dans le monde entier.[\/vc_column_text][\/vc_tta_section][\/vc_tta_accordion][\/vc_column][\/vc_row]<\/p>\n","protected":false},"featured_media":100000062194,"template":"","meta":[],"product_cat":[86,89,87,88,93],"product_tag":[],"class_list":{"0":"post-56393","1":"product","2":"type-product","3":"status-publish","4":"has-post-thumbnail","6":"product_cat-femmes","7":"product_cat-rainbow-femme","8":"product_cat-montres","9":"product_cat-rainbow","10":"product_cat-nouveautes","13":"instock","14":"taxable","15":"shipping-taxable","16":"purchasable","17":"product-type-simple"},"_links":{"self":[{"href":"https:\/\/www.mathydy.com\/us\/wp-json\/wp\/v2\/product\/56393"}],"collection":[{"href":"https:\/\/www.mathydy.com\/us\/wp-json\/wp\/v2\/product"}],"about":[{"href":"https:\/\/www.mathydy.com\/us\/wp-json\/wp\/v2\/types\/product"}],"wp:featuredmedia":[{"embeddable":true,"href":"https:\/\/www.mathydy.com\/us\/wp-json\/"}],"wp:attachment":[{"href":"https:\/\/www.mathydy.com\/us\/wp-json\/wp\/v2\/media?parent=56393"}],"wp:term":[{"taxonomy":"product_cat","embeddable":true,"href":"https:\/\/www.mathydy.com\/us\/wp-json\/wp\/v2\/product_cat?post=56393"},{"taxonomy":"product_tag","embeddable":true,"href":"https:\/\/www.mathydy.com\/us\/wp-json\/wp\/v2\/product_tag?post=56393"}],"curies":[{"name":"wp","href":"https:\/\/api.w.org\/{rel}","templated":true}]}}