{"id":56394,"date":"2026-05-08T10:45:40","date_gmt":"2026-05-08T08:45:40","guid":{"rendered":"https:\/\/www.mathydy.com\/us\/produit\/miriam-makeba\/"},"modified":"2026-05-08T11:06:22","modified_gmt":"2026-05-08T09:06:22","slug":"miriam-makeba","status":"publish","type":"product","link":"https:\/\/www.mathydy.com\/us\/produit\/miriam-makeba\/","title":{"rendered":"Miriam makeba"},"content":{"rendered":"","protected":false},"excerpt":{"rendered":"<p>[vc_row][vc_column][vc_tta_accordion c_position=\u00a0\u00bbright\u00a0\u00bb active_section=\u00a0\u00bb1&Prime;][vc_tta_section title=\u00a0\u00bbHistoire\u00a0\u00bb tab_id=\u00a0\u00bb1695211853429-aeebdfaa-ef94f3d4-5094&Prime;][vc_column_text el_class=\u00a0\u00bbproduit\u00a0\u00bb]Miriam Makeba, n\u00e9e le 4 mars 1932 \u00e0 Johannesbourg en Afrique du Sud et d\u00e9c\u00e9d\u00e9e le 9 novembre 2008 \u00e0 Castel Volturno en Italie, est une chanteuse d&rsquo;ethno-jazz et une militante politique sud-africaine, naturalis\u00e9e guin\u00e9enne dans les ann\u00e9es 1960, puis alg\u00e9rienne en 1972. Elle est parfois surnomm\u00e9e \u00ab Mama Afrika \u00bb.[\/vc_column_text][\/vc_tta_section][vc_tta_section title=\u00a0\u00bbD\u00e9scription\u00a0\u00bb tab_id=\u00a0\u00bb1695211853438-e824b518-1371f3d4-5094&Prime;][vc_column_text el_class=\u00a0\u00bbproduit\u00a0\u00bb]L\u2019armature\u00a0dor\u00e9e de cette montre et son cadran au fond blanc surmont\u00e9 de notre design signature inspir\u00e9 de la tradition Nd\u00e9b\u00e9l\u00e9 cr\u00e9ent un contraste unique qui sublimera votre look. Le bracelet en cuir de crocodile teint\u00e9 en couleur bleue de nuit fait de cette montre une pi\u00e8ce unique qui sublimera votre poignet en toute occasion.[\/vc_column_text][\/vc_tta_section][vc_tta_section title=\u00a0\u00bbD\u00e9tails produit\u00a0\u00bb tab_id=\u00a0\u00bb1695211953421-e6b9358e-bf3ef3d4-5094&Prime;][vc_column_text el_class=\u00a0\u00bbproduit\u00a0\u00bb]<\/p>\n<p>Mati\u00e8re du boitier:\u00a0ACIER INOXYDABLE 316L<br \/>\n\u00c9paisseur du cadran:\u00a07 MM<br \/>\nDiam\u00e8tre:\u00a036 MM<br \/>\nCouleur:\u00a0OR<br \/>\nMouvement:\u00a0MOUVEMENT \u00c0 QUARTZ JAPONAIS<br \/>\nMati\u00e8re du Bracelet:\u00a0Cuire<br \/>\nCouleur:\u00a0Bleu<br \/>\nType de bracelet:\u00a0INTERCHANGEABLE<br \/>\nCaract\u00e9ristique:\u00a0R\u00c9SISTANT \u00c0 L\u2019EAU \/ \u00c9TANCH\u00c9IT\u00c9 3 BAR<\/p>\n<p>[\/vc_column_text][\/vc_tta_section][vc_tta_section title=\u00a0\u00bbLivraison\u00a0\u00bb tab_id=\u00a0\u00bb1695211927094-2f5841eb-a1b5f3d4-5094&Prime;][vc_column_text]Nous exp\u00e9dions partout au S\u00e9n\u00e9gal, en Afrique, en Asie, en Europe et en Am\u00e9rique. Vous pouvez payer en esp\u00e8ces \u00e0 la livraison au S\u00e9n\u00e9gal et par carte bancaire dans le monde entier.[\/vc_column_text][\/vc_tta_section][\/vc_tta_accordion][\/vc_column][\/vc_row]<\/p>\n","protected":false},"featured_media":100000062195,"template":"","meta":[],"product_cat":[86,89,87,88,93],"product_tag":[],"class_list":{"0":"post-56394","1":"product","2":"type-product","3":"status-publish","4":"has-post-thumbnail","6":"product_cat-femmes","7":"product_cat-rainbow-femme","8":"product_cat-montres","9":"product_cat-rainbow","10":"product_cat-nouveautes","13":"instock","14":"taxable","15":"shipping-taxable","16":"purchasable","17":"product-type-simple"},"_links":{"self":[{"href":"https:\/\/www.mathydy.com\/us\/wp-json\/wp\/v2\/product\/56394"}],"collection":[{"href":"https:\/\/www.mathydy.com\/us\/wp-json\/wp\/v2\/product"}],"about":[{"href":"https:\/\/www.mathydy.com\/us\/wp-json\/wp\/v2\/types\/product"}],"wp:featuredmedia":[{"embeddable":true,"href":"https:\/\/www.mathydy.com\/us\/wp-json\/"}],"wp:attachment":[{"href":"https:\/\/www.mathydy.com\/us\/wp-json\/wp\/v2\/media?parent=56394"}],"wp:term":[{"taxonomy":"product_cat","embeddable":true,"href":"https:\/\/www.mathydy.com\/us\/wp-json\/wp\/v2\/product_cat?post=56394"},{"taxonomy":"product_tag","embeddable":true,"href":"https:\/\/www.mathydy.com\/us\/wp-json\/wp\/v2\/product_tag?post=56394"}],"curies":[{"name":"wp","href":"https:\/\/api.w.org\/{rel}","templated":true}]}}